{"id":957,"date":"2020-02-26T14:11:00","date_gmt":"2020-02-26T14:11:00","guid":{"rendered":"https:\/\/ld-wp73.template-help.com\/wordpress\/prod_523\/v1\/?page_id=957"},"modified":"2021-08-18T08:21:55","modified_gmt":"2021-08-18T08:21:55","slug":"fitness","status":"publish","type":"page","link":"https:\/\/www.youridealhome.sk\/sk\/projects\/fitness\/","title":{"rendered":"fitness"},"content":{"rendered":"\t\t<div data-elementor-type=\"wp-page\" data-elementor-id=\"957\" class=\"elementor elementor-957\" data-elementor-settings=\"[]\">\n\t\t\t\t\t\t\t<div class=\"elementor-section-wrap\">\n\t\t\t\t\t\t\t<section class=\"elementor-section elementor-top-section elementor-element elementor-element-690356d9 elementor-section-boxed elementor-section-height-default elementor-section-height-default\" data-id=\"690356d9\" data-element_type=\"section\" data-settings=\"{&quot;background_background&quot;:&quot;classic&quot;}\">\n\t\t\t\t\t\t<div class=\"elementor-container elementor-column-gap-default\">\n\t\t\t\t\t<div class=\"elementor-column elementor-col-100 elementor-top-column elementor-element elementor-element-518d7e24\" data-id=\"518d7e24\" data-element_type=\"column\">\n\t\t\t<div class=\"elementor-widget-wrap elementor-element-populated\">\n\t\t\t\t\t\t\t\t<div class=\"elementor-element elementor-element-b50b0e0 elementor-widget elementor-widget-heading\" data-id=\"b50b0e0\" data-element_type=\"widget\" data-widget_type=\"heading.default\">\n\t\t\t\t<div class=\"elementor-widget-container\">\n\t\t\t<h1 class=\"elementor-heading-title elementor-size-default\">FITNESS HELYIS\u00c9G OTTHONRA<\/h1>\t\t<\/div>\n\t\t\t\t<\/div>\n\t\t\t\t\t<\/div>\n\t\t<\/div>\n\t\t\t\t\t\t\t<\/div>\n\t\t<\/section>\n\t\t\t\t<section class=\"elementor-section elementor-top-section elementor-element elementor-element-7449059 elementor-section-boxed elementor-section-height-default elementor-section-height-default\" data-id=\"7449059\" data-element_type=\"section\">\n\t\t\t\t\t\t<div class=\"elementor-container elementor-column-gap-default\">\n\t\t\t\t\t\t\t\t<\/div>\n\t\t<\/section>\n\t\t\t\t<section class=\"elementor-section elementor-top-section elementor-element elementor-element-aad2dff elementor-section-boxed elementor-section-height-default elementor-section-height-default\" data-id=\"aad2dff\" data-element_type=\"section\">\n\t\t\t\t\t\t<div class=\"elementor-container elementor-column-gap-default\">\n\t\t\t\t\t\t\t\t<\/div>\n\t\t<\/section>\n\t\t\t\t<section class=\"elementor-section elementor-top-section elementor-element elementor-element-e2f9998 elementor-section-boxed elementor-section-height-default elementor-section-height-default\" data-id=\"e2f9998\" data-element_type=\"section\">\n\t\t\t\t\t\t<div class=\"elementor-container elementor-column-gap-default\">\n\t\t\t\t\t\t\t\t<\/div>\n\t\t<\/section>\n\t\t\t\t<section class=\"elementor-section elementor-top-section elementor-element elementor-element-1353ad4b elementor-section-full_width elementor-section-height-default elementor-section-height-default\" data-id=\"1353ad4b\" data-element_type=\"section\" data-settings=\"{&quot;background_background&quot;:&quot;classic&quot;}\">\n\t\t\t\t\t\t<div class=\"elementor-container elementor-column-gap-default\">\n\t\t\t\t\t<div class=\"elementor-column elementor-col-100 elementor-top-column elementor-element elementor-element-6733a09\" data-id=\"6733a09\" data-element_type=\"column\">\n\t\t\t<div class=\"elementor-widget-wrap elementor-element-populated\">\n\t\t\t\t\t\t\t\t<div class=\"elementor-element elementor-element-249adfa elementor-pagination-position-inside elementor-widget elementor-widget-image-carousel\" data-id=\"249adfa\" data-element_type=\"widget\" data-settings=\"{&quot;slides_to_show&quot;:&quot;2&quot;,&quot;pause_on_hover&quot;:&quot;no&quot;,&quot;autoplay_speed&quot;:2200,&quot;navigation&quot;:&quot;dots&quot;,&quot;autoplay&quot;:&quot;yes&quot;,&quot;pause_on_interaction&quot;:&quot;yes&quot;,&quot;infinite&quot;:&quot;yes&quot;,&quot;speed&quot;:500}\" data-widget_type=\"image-carousel.default\">\n\t\t\t\t<div class=\"elementor-widget-container\">\n\t\t\t\t\t<div class=\"elementor-image-carousel-wrapper swiper-container\" dir=\"ltr\">\n\t\t\t<div class=\"elementor-image-carousel swiper-wrapper swiper-image-stretch\">\n\t\t\t\t<div class=\"swiper-slide\"><figure class=\"swiper-slide-inner\"><img class=\"swiper-slide-image\" src=\"https:\/\/www.youridealhome.sk\/wp-content\/uploads\/2021\/07\/Your_IDEAL_Home_Fitness_2021-05-26-10-44-14.jpg\" alt=\"Your_IDEAL_Home_Fitness_2021-05-26-10-44-14\" \/><\/figure><\/div><div class=\"swiper-slide\"><figure class=\"swiper-slide-inner\"><img class=\"swiper-slide-image\" src=\"https:\/\/www.youridealhome.sk\/wp-content\/uploads\/2021\/07\/Your_IDEAL_Home_Fitness_2021-05-26-10-46-50.jpg\" alt=\"Your_IDEAL_Home_Fitness_2021-05-26-10-46-50\" \/><\/figure><\/div><div class=\"swiper-slide\"><figure class=\"swiper-slide-inner\"><img class=\"swiper-slide-image\" src=\"https:\/\/www.youridealhome.sk\/wp-content\/uploads\/2021\/07\/Your_IDEAL_Home_Fitness_2021-05-26-10-48-00.jpg\" alt=\"Your_IDEAL_Home_Fitness_2021-05-26-10-48-00\" \/><\/figure><\/div><div class=\"swiper-slide\"><figure class=\"swiper-slide-inner\"><img class=\"swiper-slide-image\" src=\"https:\/\/www.youridealhome.sk\/wp-content\/uploads\/2021\/07\/Your_IDEAL_Home_Fitness_2021-05-26-10-47-05.jpg\" alt=\"Your_IDEAL_Home_Fitness_2021-05-26-10-47-05\" \/><\/figure><\/div><div class=\"swiper-slide\"><figure class=\"swiper-slide-inner\"><img class=\"swiper-slide-image\" src=\"https:\/\/www.youridealhome.sk\/wp-content\/uploads\/2021\/07\/Your_IDEAL_Home_Fitness_2021-05-26-10-49-29.jpg\" alt=\"Your_IDEAL_Home_Fitness_2021-05-26-10-49-29\" \/><\/figure><\/div><div class=\"swiper-slide\"><figure class=\"swiper-slide-inner\"><img class=\"swiper-slide-image\" src=\"https:\/\/www.youridealhome.sk\/wp-content\/uploads\/2021\/07\/Your_IDEAL_Home_Fitness_2021-05-26-10-50-05.jpg\" alt=\"Your_IDEAL_Home_Fitness_2021-05-26-10-50-05\" \/><\/figure><\/div><div class=\"swiper-slide\"><figure class=\"swiper-slide-inner\"><img class=\"swiper-slide-image\" src=\"https:\/\/www.youridealhome.sk\/wp-content\/uploads\/2021\/07\/Your_IDEAL_Home_Fitness_2021-05-26-10-46-22.jpg\" alt=\"Your_IDEAL_Home_Fitness_2021-05-26-10-46-22\" \/><\/figure><\/div><div class=\"swiper-slide\"><figure class=\"swiper-slide-inner\"><img class=\"swiper-slide-image\" src=\"https:\/\/www.youridealhome.sk\/wp-content\/uploads\/2021\/07\/Your_IDEAL_Home_Fitness_2021-05-26-10-45-56.jpg\" alt=\"Your_IDEAL_Home_Fitness_2021-05-26-10-45-56\" \/><\/figure><\/div><div class=\"swiper-slide\"><figure class=\"swiper-slide-inner\"><img class=\"swiper-slide-image\" src=\"https:\/\/www.youridealhome.sk\/wp-content\/uploads\/2021\/07\/Your_IDEAL_Home_Fitness_2021-05-26-10-45-04.jpg\" alt=\"Your_IDEAL_Home_Fitness_2021-05-26-10-45-04\" \/><\/figure><\/div>\t\t\t<\/div>\n\t\t\t\t\t\t\t\t\t\t\t\t<div class=\"swiper-pagination\"><\/div>\n\t\t\t\t\t\t\t\t\t\t\t\t\t<\/div>\n\t\t\t\t<\/div>\n\t\t\t\t<\/div>\n\t\t\t\t\t<\/div>\n\t\t<\/div>\n\t\t\t\t\t\t\t<\/div>\n\t\t<\/section>\n\t\t\t\t<section class=\"elementor-section elementor-top-section elementor-element elementor-element-d77058c elementor-section-stretched elementor-section-boxed elementor-section-height-default elementor-section-height-default\" data-id=\"d77058c\" data-element_type=\"section\" data-settings=\"{&quot;stretch_section&quot;:&quot;section-stretched&quot;}\">\n\t\t\t\t\t\t<div class=\"elementor-container elementor-column-gap-default\">\n\t\t\t\t\t<div class=\"elementor-column elementor-col-33 elementor-top-column elementor-element elementor-element-d691f5c\" data-id=\"d691f5c\" data-element_type=\"column\">\n\t\t\t<div class=\"elementor-widget-wrap elementor-element-populated\">\n\t\t\t\t\t\t\t\t<div class=\"elementor-element elementor-element-d342c3a elementor-widget elementor-widget-heading\" data-id=\"d342c3a\" data-element_type=\"widget\" data-widget_type=\"heading.default\">\n\t\t\t\t<div class=\"elementor-widget-container\">\n\t\t\t<h2 class=\"elementor-heading-title elementor-size-default\">A PROJEKT R\u00c9SZLETEI<\/h2>\t\t<\/div>\n\t\t\t\t<\/div>\n\t\t\t\t<div class=\"elementor-element elementor-element-5515cea elementor-widget elementor-widget-spacer\" data-id=\"5515cea\" data-element_type=\"widget\" data-widget_type=\"spacer.default\">\n\t\t\t\t<div class=\"elementor-widget-container\">\n\t\t\t\t\t<div class=\"elementor-spacer\">\n\t\t\t<div class=\"elementor-spacer-inner\"><\/div>\n\t\t<\/div>\n\t\t\t\t<\/div>\n\t\t\t\t<\/div>\n\t\t\t\t<div class=\"elementor-element elementor-element-0b362d1 elementor-widget elementor-widget-text-editor\" data-id=\"0b362d1\" data-element_type=\"widget\" data-widget_type=\"text-editor.default\">\n\t\t\t\t<div class=\"elementor-widget-container\">\n\t\t\t\t\t\t\t\t<p>MEGRENDEL\u0150: <span style=\"color: #96989a;\">Mag\u00e1nszem\u00e9ly<\/span><\/p>\t\t\t\t\t\t<\/div>\n\t\t\t\t<\/div>\n\t\t\t\t<div class=\"elementor-element elementor-element-4c347a2 elementor-widget elementor-widget-text-editor\" data-id=\"4c347a2\" data-element_type=\"widget\" data-widget_type=\"text-editor.default\">\n\t\t\t\t<div class=\"elementor-widget-container\">\n\t\t\t\t\t\t\t\t<p>TELJES ID\u0150TARTAM: <span style=\"color: #96989a;\">2 Nap<\/span><\/p>\t\t\t\t\t\t<\/div>\n\t\t\t\t<\/div>\n\t\t\t\t<div class=\"elementor-element elementor-element-fe21857 elementor-widget elementor-widget-text-editor\" data-id=\"fe21857\" data-element_type=\"widget\" data-widget_type=\"text-editor.default\">\n\t\t\t\t<div class=\"elementor-widget-container\">\n\t\t\t\t\t\t\t\t<p>HELYSZ\u00cdN:\u00a0<span style=\"color: #96989a; letter-spacing: 0px;\">Ny\u00e9kv\u00e1rkony<\/span><\/p>\t\t\t\t\t\t<\/div>\n\t\t\t\t<\/div>\n\t\t\t\t<div class=\"elementor-element elementor-element-1bb8895 elementor-widget elementor-widget-text-editor\" data-id=\"1bb8895\" data-element_type=\"widget\" data-widget_type=\"text-editor.default\">\n\t\t\t\t<div class=\"elementor-widget-container\">\n\t\t\t\t\t\t\t\t<p>R\u00c9SZLETEK:\u00a0<span style=\"color: #96989a; letter-spacing: 0px;\">Teljes aerobik helyis\u00e9g l\u00e1tv\u00e1nyterve + vide\u00f3 +panor\u00e1ma<\/span><\/p>\t\t\t\t\t\t<\/div>\n\t\t\t\t<\/div>\n\t\t\t\t\t<\/div>\n\t\t<\/div>\n\t\t\t\t<div class=\"elementor-column elementor-col-33 elementor-top-column elementor-element elementor-element-1bed8bf\" data-id=\"1bed8bf\" data-element_type=\"column\">\n\t\t\t<div class=\"elementor-widget-wrap elementor-element-populated\">\n\t\t\t\t\t\t\t\t<div class=\"elementor-element elementor-element-19a1c22 elementor-aspect-ratio-169 elementor-widget elementor-widget-video\" data-id=\"19a1c22\" data-element_type=\"widget\" data-settings=\"{&quot;youtube_url&quot;:&quot;https:\\\/\\\/youtu.be\\\/d5u9hG88vmM&quot;,&quot;autoplay&quot;:&quot;yes&quot;,&quot;mute&quot;:&quot;yes&quot;,&quot;loop&quot;:&quot;yes&quot;,&quot;video_type&quot;:&quot;youtube&quot;,&quot;controls&quot;:&quot;yes&quot;,&quot;aspect_ratio&quot;:&quot;169&quot;}\" data-widget_type=\"video.default\">\n\t\t\t\t<div class=\"elementor-widget-container\">\n\t\t\t\t\t<div class=\"elementor-wrapper elementor-fit-aspect-ratio elementor-open-inline\">\n\t\t\t<div class=\"elementor-video\"><\/div>\t\t<\/div>\n\t\t\t\t<\/div>\n\t\t\t\t<\/div>\n\t\t\t\t\t<\/div>\n\t\t<\/div>\n\t\t\t\t<div class=\"elementor-column elementor-col-33 elementor-top-column elementor-element elementor-element-8d0b960\" data-id=\"8d0b960\" data-element_type=\"column\">\n\t\t\t<div class=\"elementor-widget-wrap elementor-element-populated\">\n\t\t\t\t\t\t\t\t<div class=\"elementor-element elementor-element-2991ce6 elementor-widget elementor-widget-Wpvr-widget\" data-id=\"2991ce6\" data-element_type=\"widget\" data-widget_type=\"Wpvr-widget.default\">\n\t\t\t\t<div class=\"elementor-widget-container\">\n\t\t\t<style>#pano3386 div.pnlm-hotspot-base.fas,\n\t\t\t\t\t#pano3386 div.pnlm-hotspot-base.fab,\n\t\t\t\t\t#pano3386 div.pnlm-hotspot-base.fa,\n\t\t\t\t\t#pano3386 div.pnlm-hotspot-base.far {\n\t\t\t\t\t    display: block !important;\n\t\t\t\t\t    background-color: #00b4ff;\n\t\t\t\t\t    color: #fff;\n\t\t\t\t\t    border-radius: 100%;\n\t\t\t\t\t    width: 30px;\n\t\t\t\t\t    height: 30px;\n\t\t\t\t\t    animation: icon-pulsepano3386 1.5s infinite cubic-bezier(.25, 0, 0, 1);\n\t\t\t\t\t}@-webkit-keyframes icon-pulsepano3386 {\n\t\t\t\t\t    0% {\n\t\t\t\t\t        box-shadow: 0 0 0 0px rgba(0, 180, 255, 1);\n\t\t\t\t\t    }\n\t\t\t\t\t    100% {\n\t\t\t\t\t        box-shadow: 0 0 0 10px rgba(0, 180, 255, 0);\n\t\t\t\t\t    }\n\t\t\t\t\t}\n\t\t\t\t\t@keyframes icon-pulsepano3386 {\n\t\t\t\t\t    0% {\n\t\t\t\t\t        box-shadow: 0 0 0 0px rgba(0, 180, 255, 1);\n\t\t\t\t\t    }\n\t\t\t\t\t    100% {\n\t\t\t\t\t        box-shadow: 0 0 0 10px rgba(0, 180, 255, 0);\n\t\t\t\t\t    }\n\t\t\t\t\t}#pano3386 div.pnlm-orientation-button {\n                    display: none;\n                }<\/style><div id=\"pano3386\" class=\"pano-wrap\" style=\" text-align:center; max-width:100%; width: 600px; height: 290px; margin: 0 auto; border-radius:0px; direction:ltr;\"><div class=\"wpvr-hotspot-tweak-contents-wrapper\" style=\"display: none\"><i class=\"fa fa-times cross\" data-id=\"3386\"><\/i><div class=\"wpvr-hotspot-tweak-contents-flex\"><div class=\"wpvr-hotspot-tweak-contents\"><\/div><\/div><\/div><div class=\"custom-ifram-wrapper\" style=\"display: none;\"><i class=\"fa fa-times cross\" data-id=\"3386\"><\/i><div class=\"custom-ifram-flex\"><div class=\"custom-ifram\"><\/div><\/div><\/div><\/div><script>jQuery(document).ready(function() {var response = [{\"panoid\":\"pano3386\"},{\"autoLoad\":true,\"showControls\":true,\"orientationSupport\":\"false\",\"compass\":false,\"orientationOnByDefault\":false,\"mouseZoom\":true,\"draggable\":true,\"disableKeyboardCtrl\":false,\"keyboardZoom\":true,\"preview\":\"https:\\\/\\\/www.youridealhome.sk\\\/wp-content\\\/uploads\\\/2021\\\/07\\\/Your_IDEAL_Home_Fitness_2021-05-26-10-47-05.jpg\",\"autoRotate\":\"-5\",\"default\":{\"firstScene\":\"fitnes\",\"sceneFadeDuration\":\"\"},\"scenes\":{\"fitnes\":{\"type\":\"equirectangular\",\"panorama\":\"https:\\\/\\\/www.youridealhome.sk\\\/wp-content\\\/uploads\\\/2021\\\/07\\\/Panorama_fintess_2021-05-26-12-08-09-scaled.jpg\",\"pitch\":null,\"yaw\":null,\"hfov\":100,\"maxHfov\":120,\"minHfov\":50,\"vaov\":180,\"haov\":360,\"hotSpots\":[]}}}];var scenes = response[1];if(scenes) {var scenedata = scenes.scenes;for(var i in scenedata) {var scenehotspot = scenedata[i].hotSpots;for(var i = 0; i < scenehotspot.length; i++) {if(scenehotspot[i][\"clickHandlerArgs\"] != \"\") {scenehotspot[i][\"clickHandlerFunc\"] = wpvrhotspot;}if(scenehotspot[i][\"createTooltipArgs\"] != \"\") {scenehotspot[i][\"createTooltipFunc\"] = wpvrtooltip;}}}}var panoshow3386 = pannellum.viewer(response[0][\"panoid\"], scenes);panoshow3386.on(\"load\", function (){\n            setTimeout(() => {\n                window.dispatchEvent(new Event(\"resize\"));\n            }, 200);\n\t\t\t\t\t\tif (jQuery(\"#pano3386\").children().children(\".pnlm-panorama-info:visible\").length > 0) {\n\t               jQuery(\"#controls3386\").css(\"bottom\", \"55px\");\n\t           }\n\t           else {\n\t             jQuery(\"#controls3386\").css(\"bottom\", \"5px\");\n\t           }\n\t\t\t\t\t});panoshow3386.on(\"render\", function (){\n              window.dispatchEvent(new Event(\"resize\"));\n            });\n\t\t\t\t\tif (scenes.autoRotate) {\n\t\t\t\t\t\tpanoshow3386.on(\"load\", function (){\n\t\t\t\t\t\t setTimeout(function(){ panoshow3386.startAutoRotate(scenes.autoRotate, 0); }, 3000);\n\t\t\t\t\t\t});\n\t\t\t\t\t\tpanoshow3386.on(\"scenechange\", function (){\n\t\t\t\t\t\t setTimeout(function(){ panoshow3386.startAutoRotate(scenes.autoRotate, 0); }, 3000);\n\t\t\t\t\t\t});\n\t\t\t\t\t}\n\t\t\t\t\tvar touchtime = 0;\n\t\t          jQuery(document).ready(function($){\n\t\t              jQuery(\"#sccontrols3386\").hide();\n\t\t              jQuery(\".vrgctrl3386\").html('<i class=\"fa fa-angle-up\"><\/i>');\n\t\t          });\n\t\t          \n\t\t          var slide3386 = \"down\";\n\t\t          jQuery(document).on(\"click\",\"#vrgcontrols3386\",function() {\n\n\t\t            if (slide3386 == \"up\") {\n\t\t              jQuery(\".vrgctrl3386\").empty();\n\t\t              jQuery(\".vrgctrl3386\").html('<i class=\"fa fa-angle-up\"><\/i>');\n\t\t              slide3386 = \"down\";\n\t\t            }\n\t\t            else {\n\t\t              jQuery(\".vrgctrl3386\").empty();\n\t\t              jQuery(\".vrgctrl3386\").html('<i class=\"fa fa-angle-down\"><\/i>');\n\t\t              slide3386 = \"up\";\n\t\t            }\n\t\t            jQuery(\"#sccontrols3386\").slideToggle();\n\t\t          });\n\t\t          \n            jQuery(\".elementor-tab-title\").click(function(){\n                      var element_id;\n                      var pano_id;\n                      var element_id = this.id;\n                      element_id = element_id.split(\"-\");\n                      element_id = element_id[3];\n                      jQuery(\"#elementor-tab-content-\"+element_id).children(\"div\").addClass(\"awwww\");\n                      var pano_id = jQuery(\".awwww\").attr(\"id\");\n                      jQuery(\"#elementor-tab-content-\"+element_id).children(\"div\").removeClass(\"awwww\");\n                      if (pano_id != undefined) {\n                        pano_id = pano_id.split(\"o\");\n                        pano_id = pano_id[1];\n                        if (pano_id == \"3386\") {\n                          jQuery(\"#pano3386\").children(\".pnlm-render-container\").remove();\n                          jQuery(\"#pano3386\").children(\".pnlm-ui\").remove();\n                          panoshow3386 = pannellum.viewer(response[0][\"panoid\"], scenes);\n                          setTimeout(function() {\n                                  panoshow3386.loadScene(\"fitnes\");\n                                  window.dispatchEvent(new Event(\"resize\"));\n                                  if (jQuery(\"#pano3386\").children().children(\".pnlm-panorama-info:visible\").length > 0) {\n                                       jQuery(\"#controls3386\").css(\"bottom\", \"55px\");\n                                   }\n                                   else {\n                                     jQuery(\"#controls3386\").css(\"bottom\", \"5px\");\n                                   }\n                          }, 200);\n                        }\n                      }\n            });\n        \n            jQuery(\".geodir-tab-head dd, #vr-tour-tab\").click(function(){\n              jQuery(\"#pano3386\").children(\".pnlm-render-container\").remove();\n              jQuery(\"#pano3386\").children(\".pnlm-ui\").remove();\n              panoshow3386 = pannellum.viewer(response[0][\"panoid\"], scenes);\n              setTimeout(function() {\n                      panoshow3386.loadScene(\"fitnes\");\n                      window.dispatchEvent(new Event(\"resize\"));\n                      if (jQuery(\"#pano3386\").children().children(\".pnlm-panorama-info:visible\").length > 0) {\n                           jQuery(\"#controls3386\").css(\"bottom\", \"55px\");\n                       }\n                       else {\n                         jQuery(\"#controls3386\").css(\"bottom\", \"5px\");\n                       }\n              }, 200);\n            });\n        \n            jQuery(\"#pano3386\").children(\".pnlm-ui\").find(\".pnlm-load-button p\").text(\"Click To Load Panorama\")\n            });<\/script>\t\t<\/div>\n\t\t\t\t<\/div>\n\t\t\t\t\t<\/div>\n\t\t<\/div>\n\t\t\t\t\t\t\t<\/div>\n\t\t<\/section>\n\t\t\t\t\t\t<\/div>\n\t\t\t\t\t<\/div>\n\t\t","protected":false},"excerpt":{"rendered":"<p>FITNESS HELYIS\u00c9G OTTHONRA A PROJEKT R\u00c9SZLETEI MEGRENDEL\u0150: Mag\u00e1nszem\u00e9ly TELJES ID\u0150TARTAM: 2 Nap HELYSZ\u00cdN:\u00a0Ny\u00e9kv\u00e1rkony R\u00c9SZLETEK:\u00a0Teljes aerobik helyis\u00e9g l\u00e1tv\u00e1nyterve + vide\u00f3 +panor\u00e1ma https:\/\/youtu.be\/d5u9hG88vmM<\/p>","protected":false},"author":1,"featured_media":0,"parent":16,"menu_order":0,"comment_status":"closed","ping_status":"closed","template":"elementor_header_footer","meta":[],"_links":{"self":[{"href":"https:\/\/www.youridealhome.sk\/sk\/wp-json\/wp\/v2\/pages\/957"}],"collection":[{"href":"https:\/\/www.youridealhome.sk\/sk\/wp-json\/wp\/v2\/pages"}],"about":[{"href":"https:\/\/www.youridealhome.sk\/sk\/wp-json\/wp\/v2\/types\/page"}],"author":[{"embeddable":true,"href":"https:\/\/www.youridealhome.sk\/sk\/wp-json\/wp\/v2\/users\/1"}],"replies":[{"embeddable":true,"href":"https:\/\/www.youridealhome.sk\/sk\/wp-json\/wp\/v2\/comments?post=957"}],"version-history":[{"count":6,"href":"https:\/\/www.youridealhome.sk\/sk\/wp-json\/wp\/v2\/pages\/957\/revisions"}],"predecessor-version":[{"id":3514,"href":"https:\/\/www.youridealhome.sk\/sk\/wp-json\/wp\/v2\/pages\/957\/revisions\/3514"}],"up":[{"embeddable":true,"href":"https:\/\/www.youridealhome.sk\/sk\/wp-json\/wp\/v2\/pages\/16"}],"wp:attachment":[{"href":"https:\/\/www.youridealhome.sk\/sk\/wp-json\/wp\/v2\/media?parent=957"}],"curies":[{"name":"wp","href":"https:\/\/api.w.org\/{rel}","templated":true}]}}