{"id":950,"date":"2020-02-26T14:07:54","date_gmt":"2020-02-26T14:07:54","guid":{"rendered":"https:\/\/ld-wp73.template-help.com\/wordpress\/prod_523\/v1\/?page_id=950"},"modified":"2021-08-18T08:18:21","modified_gmt":"2021-08-18T08:18:21","slug":"tarsashazi-lakasok","status":"publish","type":"page","link":"https:\/\/www.youridealhome.sk\/sk\/projects\/tarsashazi-lakasok\/","title":{"rendered":"Lakasok"},"content":{"rendered":"\t\t<div data-elementor-type=\"wp-page\" data-elementor-id=\"950\" class=\"elementor elementor-950\" data-elementor-settings=\"[]\">\n\t\t\t\t\t\t\t<div class=\"elementor-section-wrap\">\n\t\t\t\t\t\t\t<section class=\"elementor-section elementor-top-section elementor-element elementor-element-71506cd2 elementor-section-boxed elementor-section-height-default elementor-section-height-default\" data-id=\"71506cd2\" data-element_type=\"section\" data-settings=\"{&quot;background_background&quot;:&quot;classic&quot;}\">\n\t\t\t\t\t\t<div class=\"elementor-container elementor-column-gap-default\">\n\t\t\t\t\t<div class=\"elementor-column elementor-col-100 elementor-top-column elementor-element elementor-element-6b5fe1fd\" data-id=\"6b5fe1fd\" data-element_type=\"column\">\n\t\t\t<div class=\"elementor-widget-wrap elementor-element-populated\">\n\t\t\t\t\t\t\t\t<div class=\"elementor-element elementor-element-77e738d6 elementor-widget elementor-widget-heading\" data-id=\"77e738d6\" data-element_type=\"widget\" data-widget_type=\"heading.default\">\n\t\t\t\t<div class=\"elementor-widget-container\">\n\t\t\t<h1 class=\"elementor-heading-title elementor-size-default\">T\u00c1RSASH\u00c1ZI LAK\u00c1SOK L\u00c1TV\u00c1NYTERVE<\/h1>\t\t<\/div>\n\t\t\t\t<\/div>\n\t\t\t\t\t<\/div>\n\t\t<\/div>\n\t\t\t\t\t\t\t<\/div>\n\t\t<\/section>\n\t\t\t\t<section class=\"elementor-section elementor-top-section elementor-element elementor-element-5f7ac59f elementor-section-full_width elementor-section-height-default elementor-section-height-default\" data-id=\"5f7ac59f\" data-element_type=\"section\" data-settings=\"{&quot;background_background&quot;:&quot;classic&quot;}\">\n\t\t\t\t\t\t<div class=\"elementor-container elementor-column-gap-default\">\n\t\t\t\t\t<div class=\"elementor-column elementor-col-100 elementor-top-column elementor-element elementor-element-219f00b1\" data-id=\"219f00b1\" data-element_type=\"column\">\n\t\t\t<div class=\"elementor-widget-wrap elementor-element-populated\">\n\t\t\t\t\t\t\t\t<div class=\"elementor-element elementor-element-44eebcd elementor-pagination-position-inside elementor-widget elementor-widget-image-carousel\" data-id=\"44eebcd\" data-element_type=\"widget\" data-settings=\"{&quot;slides_to_show&quot;:&quot;2&quot;,&quot;pause_on_hover&quot;:&quot;no&quot;,&quot;autoplay_speed&quot;:2200,&quot;navigation&quot;:&quot;dots&quot;,&quot;autoplay&quot;:&quot;yes&quot;,&quot;pause_on_interaction&quot;:&quot;yes&quot;,&quot;infinite&quot;:&quot;yes&quot;,&quot;speed&quot;:500}\" data-widget_type=\"image-carousel.default\">\n\t\t\t\t<div class=\"elementor-widget-container\">\n\t\t\t\t\t<div class=\"elementor-image-carousel-wrapper swiper-container\" dir=\"ltr\">\n\t\t\t<div class=\"elementor-image-carousel swiper-wrapper\">\n\t\t\t\t<div class=\"swiper-slide\"><figure class=\"swiper-slide-inner\"><img class=\"swiper-slide-image\" src=\"https:\/\/www.youridealhome.sk\/wp-content\/uploads\/2021\/07\/Your_IDEAL_Home__2021-05-10-19-40-24-1-1920x1080.png\" alt=\"Your_IDEAL_Home__2021-05-10-19-40-24\" \/><\/figure><\/div><div class=\"swiper-slide\"><figure class=\"swiper-slide-inner\"><img class=\"swiper-slide-image\" src=\"https:\/\/www.youridealhome.sk\/wp-content\/uploads\/2021\/07\/Your_IDEAL_Home__2021-05-10-20-30-55-1920x1080.png\" alt=\"Your_IDEAL_Home__2021-05-10-20-30-55\" \/><\/figure><\/div><div class=\"swiper-slide\"><figure class=\"swiper-slide-inner\"><img class=\"swiper-slide-image\" src=\"https:\/\/www.youridealhome.sk\/wp-content\/uploads\/2021\/07\/Your_IDEAL_Home__2021-05-06-23-29-14-1920x1080.png\" alt=\"Your_IDEAL_Home__2021-05-06-23-29-14\" \/><\/figure><\/div><div class=\"swiper-slide\"><figure class=\"swiper-slide-inner\"><img class=\"swiper-slide-image\" src=\"https:\/\/www.youridealhome.sk\/wp-content\/uploads\/2021\/07\/Your_IDEAL_Home__2021-05-06-23-27-45-1920x1080.png\" alt=\"Your_IDEAL_Home__2021-05-06-23-27-45\" \/><\/figure><\/div><div class=\"swiper-slide\"><figure class=\"swiper-slide-inner\"><img class=\"swiper-slide-image\" src=\"https:\/\/www.youridealhome.sk\/wp-content\/uploads\/2021\/07\/Your_IDEAL_Home__2021-05-10-20-23-10-1920x1080.png\" alt=\"Your_IDEAL_Home__2021-05-10-20-23-10\" \/><\/figure><\/div><div class=\"swiper-slide\"><figure class=\"swiper-slide-inner\"><img class=\"swiper-slide-image\" src=\"https:\/\/www.youridealhome.sk\/wp-content\/uploads\/2021\/07\/Your_IDEAL_Home__2021-05-06-23-15-59-1920x1080.png\" alt=\"Your_IDEAL_Home__2021-05-06-23-15-59\" \/><\/figure><\/div><div class=\"swiper-slide\"><figure class=\"swiper-slide-inner\"><img class=\"swiper-slide-image\" src=\"https:\/\/www.youridealhome.sk\/wp-content\/uploads\/2021\/07\/Your_IDEAL_Home__2021-05-10-20-21-43-1920x1080.png\" alt=\"Your_IDEAL_Home__2021-05-10-20-21-43\" \/><\/figure><\/div><div class=\"swiper-slide\"><figure class=\"swiper-slide-inner\"><img class=\"swiper-slide-image\" src=\"https:\/\/www.youridealhome.sk\/wp-content\/uploads\/2021\/07\/Your_IDEAL_Home__2021-05-10-20-26-06-1920x1080.png\" alt=\"Your_IDEAL_Home__2021-05-10-20-26-06\" \/><\/figure><\/div><div class=\"swiper-slide\"><figure class=\"swiper-slide-inner\"><img class=\"swiper-slide-image\" src=\"https:\/\/www.youridealhome.sk\/wp-content\/uploads\/2021\/07\/Your_IDEAL_Home__2021-05-07-00-13-00-1920x1080.jpg\" alt=\"Your_IDEAL_Home__2021-05-07-00-13-00\" \/><\/figure><\/div><div class=\"swiper-slide\"><figure class=\"swiper-slide-inner\"><img class=\"swiper-slide-image\" src=\"https:\/\/www.youridealhome.sk\/wp-content\/uploads\/2021\/07\/Enscape_2021-05-17-13-05-47.png\" alt=\"Enscape_2021-05-17-13-05-47\" \/><\/figure><\/div><div class=\"swiper-slide\"><figure class=\"swiper-slide-inner\"><img class=\"swiper-slide-image\" src=\"https:\/\/www.youridealhome.sk\/wp-content\/uploads\/2021\/07\/Enscape_2021-05-17-13-20-15.png\" alt=\"Enscape_2021-05-17-13-20-15\" \/><\/figure><\/div><div class=\"swiper-slide\"><figure class=\"swiper-slide-inner\"><img class=\"swiper-slide-image\" src=\"https:\/\/www.youridealhome.sk\/wp-content\/uploads\/2021\/07\/Enscape_2021-05-17-13-09-13.png\" alt=\"Enscape_2021-05-17-13-09-13\" \/><\/figure><\/div>\t\t\t<\/div>\n\t\t\t\t\t\t\t\t\t\t\t\t<div class=\"swiper-pagination\"><\/div>\n\t\t\t\t\t\t\t\t\t\t\t\t\t<\/div>\n\t\t\t\t<\/div>\n\t\t\t\t<\/div>\n\t\t\t\t\t<\/div>\n\t\t<\/div>\n\t\t\t\t\t\t\t<\/div>\n\t\t<\/section>\n\t\t\t\t<section class=\"elementor-section elementor-top-section elementor-element elementor-element-a3bfda7 elementor-section-boxed elementor-section-height-default elementor-section-height-default\" data-id=\"a3bfda7\" data-element_type=\"section\">\n\t\t\t\t\t\t<div class=\"elementor-container elementor-column-gap-default\">\n\t\t\t\t\t\t\t\t<\/div>\n\t\t<\/section>\n\t\t\t\t<section class=\"elementor-section elementor-top-section elementor-element elementor-element-4b96e84d elementor-section-boxed elementor-section-height-default elementor-section-height-default\" data-id=\"4b96e84d\" data-element_type=\"section\" data-settings=\"{&quot;background_background&quot;:&quot;classic&quot;}\">\n\t\t\t\t\t\t<div class=\"elementor-container elementor-column-gap-no\">\n\t\t\t\t\t<div class=\"elementor-column elementor-col-100 elementor-top-column elementor-element elementor-element-fd29b24\" data-id=\"fd29b24\" data-element_type=\"column\">\n\t\t\t<div class=\"elementor-widget-wrap elementor-element-populated\">\n\t\t\t\t\t\t\t\t<div class=\"elementor-element elementor-element-da02b2b elementor-widget elementor-widget-heading\" data-id=\"da02b2b\" data-element_type=\"widget\" data-widget_type=\"heading.default\">\n\t\t\t\t<div class=\"elementor-widget-container\">\n\t\t\t<h2 class=\"elementor-heading-title elementor-size-default\">A PROJEKT R\u00c9SZLETEI<\/h2>\t\t<\/div>\n\t\t\t\t<\/div>\n\t\t\t\t<div class=\"elementor-element elementor-element-d751ee6 elementor-widget elementor-widget-spacer\" data-id=\"d751ee6\" data-element_type=\"widget\" data-widget_type=\"spacer.default\">\n\t\t\t\t<div class=\"elementor-widget-container\">\n\t\t\t\t\t<div class=\"elementor-spacer\">\n\t\t\t<div class=\"elementor-spacer-inner\"><\/div>\n\t\t<\/div>\n\t\t\t\t<\/div>\n\t\t\t\t<\/div>\n\t\t\t\t<div class=\"elementor-element elementor-element-90d2c06 elementor-widget elementor-widget-text-editor\" data-id=\"90d2c06\" data-element_type=\"widget\" data-widget_type=\"text-editor.default\">\n\t\t\t\t<div class=\"elementor-widget-container\">\n\t\t\t\t\t\t\t\t<p>MEGRENDEL\u0150: <span style=\"color: #96989a;\">XPERT REALITY<\/span><\/p>\t\t\t\t\t\t<\/div>\n\t\t\t\t<\/div>\n\t\t\t\t<div class=\"elementor-element elementor-element-b06b0bf elementor-widget elementor-widget-text-editor\" data-id=\"b06b0bf\" data-element_type=\"widget\" data-widget_type=\"text-editor.default\">\n\t\t\t\t<div class=\"elementor-widget-container\">\n\t\t\t\t\t\t\t\t<p>TELJES ID\u0150TARTAM: <span style=\"color: #96989a;\">2\u00a0 h\u00e9t<\/span><\/p>\t\t\t\t\t\t<\/div>\n\t\t\t\t<\/div>\n\t\t\t\t<div class=\"elementor-element elementor-element-6a5f2c9 elementor-widget elementor-widget-text-editor\" data-id=\"6a5f2c9\" data-element_type=\"widget\" data-widget_type=\"text-editor.default\">\n\t\t\t\t<div class=\"elementor-widget-container\">\n\t\t\t\t\t\t\t\t<p>LAK\u00c1SOK MEGV\u00c1S\u00c1RL\u00c1SA: <a href=\"https:\/\/www.xpertreality.sk\/\" target=\"_blank\" rel=\"noopener\">xpertreality.sk<\/a>\u00a0<\/p>\t\t\t\t\t\t<\/div>\n\t\t\t\t<\/div>\n\t\t\t\t<div class=\"elementor-element elementor-element-a9fb9ce elementor-widget elementor-widget-text-editor\" data-id=\"a9fb9ce\" data-element_type=\"widget\" data-widget_type=\"text-editor.default\">\n\t\t\t\t<div class=\"elementor-widget-container\">\n\t\t\t\t\t\t\t\t<p>HELYSZ\u00cdN: <span style=\"color: #96989a;\">Dun\u00e1jsk\u00e1 Streda<\/span><\/p>\t\t\t\t\t\t<\/div>\n\t\t\t\t<\/div>\n\t\t\t\t<div class=\"elementor-element elementor-element-7955e17 elementor-widget elementor-widget-text-editor\" data-id=\"7955e17\" data-element_type=\"widget\" data-widget_type=\"text-editor.default\">\n\t\t\t\t<div class=\"elementor-widget-container\">\n\t\t\t\t\t\t\t\t<p>R\u00c9SZLETEK: <span style=\"color: #96989a;\">3 Emeletes t\u00e1rsash\u00e1z teljes vizualiz\u00e1ci\u00f3ja + k\u00f6rnyezet<\/span><\/p>\t\t\t\t\t\t<\/div>\n\t\t\t\t<\/div>\n\t\t\t\t\t<\/div>\n\t\t<\/div>\n\t\t\t\t<div class=\"elementor-column elementor-col-100 elementor-top-column elementor-element elementor-element-32638e7\" data-id=\"32638e7\" data-element_type=\"column\">\n\t\t\t<div class=\"elementor-widget-wrap elementor-element-populated\">\n\t\t\t\t\t\t\t\t<div class=\"elementor-element elementor-element-24cdadc elementor-widget elementor-widget-Wpvr-widget\" data-id=\"24cdadc\" data-element_type=\"widget\" data-widget_type=\"Wpvr-widget.default\">\n\t\t\t\t<div class=\"elementor-widget-container\">\n\t\t\t<style>#pano3390 div.pnlm-hotspot-base.fas,\n\t\t\t\t\t#pano3390 div.pnlm-hotspot-base.fab,\n\t\t\t\t\t#pano3390 div.pnlm-hotspot-base.fa,\n\t\t\t\t\t#pano3390 div.pnlm-hotspot-base.far {\n\t\t\t\t\t    display: block !important;\n\t\t\t\t\t    background-color: #00b4ff;\n\t\t\t\t\t    color: #fff;\n\t\t\t\t\t    border-radius: 100%;\n\t\t\t\t\t    width: 30px;\n\t\t\t\t\t    height: 30px;\n\t\t\t\t\t    animation: icon-pulsepano3390 1.5s infinite cubic-bezier(.25, 0, 0, 1);\n\t\t\t\t\t}@-webkit-keyframes icon-pulsepano3390 {\n\t\t\t\t\t    0% {\n\t\t\t\t\t        box-shadow: 0 0 0 0px rgba(0, 180, 255, 1);\n\t\t\t\t\t    }\n\t\t\t\t\t    100% {\n\t\t\t\t\t        box-shadow: 0 0 0 10px rgba(0, 180, 255, 0);\n\t\t\t\t\t    }\n\t\t\t\t\t}\n\t\t\t\t\t@keyframes icon-pulsepano3390 {\n\t\t\t\t\t    0% {\n\t\t\t\t\t        box-shadow: 0 0 0 0px rgba(0, 180, 255, 1);\n\t\t\t\t\t    }\n\t\t\t\t\t    100% {\n\t\t\t\t\t        box-shadow: 0 0 0 10px rgba(0, 180, 255, 0);\n\t\t\t\t\t    }\n\t\t\t\t\t}#pano3390 div.pnlm-orientation-button {\n                    display: none;\n                }<\/style><div id=\"pano3390\" class=\"pano-wrap\" style=\" text-align:center; max-width:100%; width: 600px; height: 322px; margin: 0 auto; border-radius:0px; direction:ltr;\"><div class=\"wpvr-hotspot-tweak-contents-wrapper\" style=\"display: none\"><i class=\"fa fa-times cross\" data-id=\"3390\"><\/i><div class=\"wpvr-hotspot-tweak-contents-flex\"><div class=\"wpvr-hotspot-tweak-contents\"><\/div><\/div><\/div><div class=\"custom-ifram-wrapper\" style=\"display: none;\"><i class=\"fa fa-times cross\" data-id=\"3390\"><\/i><div class=\"custom-ifram-flex\"><div class=\"custom-ifram\"><\/div><\/div><\/div><\/div><script>jQuery(document).ready(function() {var response = [{\"panoid\":\"pano3390\"},{\"autoLoad\":true,\"showControls\":true,\"orientationSupport\":\"false\",\"compass\":false,\"orientationOnByDefault\":false,\"mouseZoom\":true,\"draggable\":true,\"disableKeyboardCtrl\":false,\"keyboardZoom\":true,\"preview\":\"https:\\\/\\\/www.youridealhome.sk\\\/wp-content\\\/uploads\\\/2021\\\/07\\\/Panorama_elso_szint_2021-05-07-00-01-30-scaled.jpg\",\"autoRotate\":\"-5\",\"default\":{\"firstScene\":\"lakasok\",\"sceneFadeDuration\":\"\"},\"scenes\":{\"lakasok\":{\"type\":\"equirectangular\",\"panorama\":\"https:\\\/\\\/www.youridealhome.sk\\\/wp-content\\\/uploads\\\/2021\\\/07\\\/Panorama_elso_szint_2021-05-07-00-04-43-scaled.jpg\",\"pitch\":null,\"yaw\":null,\"hfov\":100,\"maxHfov\":120,\"minHfov\":50,\"vaov\":180,\"haov\":360,\"hotSpots\":[]}}}];var scenes = response[1];if(scenes) {var scenedata = scenes.scenes;for(var i in scenedata) {var scenehotspot = scenedata[i].hotSpots;for(var i = 0; i < scenehotspot.length; i++) {if(scenehotspot[i][\"clickHandlerArgs\"] != \"\") {scenehotspot[i][\"clickHandlerFunc\"] = wpvrhotspot;}if(scenehotspot[i][\"createTooltipArgs\"] != \"\") {scenehotspot[i][\"createTooltipFunc\"] = wpvrtooltip;}}}}var panoshow3390 = pannellum.viewer(response[0][\"panoid\"], scenes);panoshow3390.on(\"load\", function (){\n            setTimeout(() => {\n                window.dispatchEvent(new Event(\"resize\"));\n            }, 200);\n\t\t\t\t\t\tif (jQuery(\"#pano3390\").children().children(\".pnlm-panorama-info:visible\").length > 0) {\n\t               jQuery(\"#controls3390\").css(\"bottom\", \"55px\");\n\t           }\n\t           else {\n\t             jQuery(\"#controls3390\").css(\"bottom\", \"5px\");\n\t           }\n\t\t\t\t\t});panoshow3390.on(\"render\", function (){\n              window.dispatchEvent(new Event(\"resize\"));\n            });\n\t\t\t\t\tif (scenes.autoRotate) {\n\t\t\t\t\t\tpanoshow3390.on(\"load\", function (){\n\t\t\t\t\t\t setTimeout(function(){ panoshow3390.startAutoRotate(scenes.autoRotate, 0); }, 3000);\n\t\t\t\t\t\t});\n\t\t\t\t\t\tpanoshow3390.on(\"scenechange\", function (){\n\t\t\t\t\t\t setTimeout(function(){ panoshow3390.startAutoRotate(scenes.autoRotate, 0); }, 3000);\n\t\t\t\t\t\t});\n\t\t\t\t\t}\n\t\t\t\t\tvar touchtime = 0;\n\t\t          jQuery(document).ready(function($){\n\t\t              jQuery(\"#sccontrols3390\").hide();\n\t\t              jQuery(\".vrgctrl3390\").html('<i class=\"fa fa-angle-up\"><\/i>');\n\t\t          });\n\t\t          \n\t\t          var slide3390 = \"down\";\n\t\t          jQuery(document).on(\"click\",\"#vrgcontrols3390\",function() {\n\n\t\t            if (slide3390 == \"up\") {\n\t\t              jQuery(\".vrgctrl3390\").empty();\n\t\t              jQuery(\".vrgctrl3390\").html('<i class=\"fa fa-angle-up\"><\/i>');\n\t\t              slide3390 = \"down\";\n\t\t            }\n\t\t            else {\n\t\t              jQuery(\".vrgctrl3390\").empty();\n\t\t              jQuery(\".vrgctrl3390\").html('<i class=\"fa fa-angle-down\"><\/i>');\n\t\t              slide3390 = \"up\";\n\t\t            }\n\t\t            jQuery(\"#sccontrols3390\").slideToggle();\n\t\t          });\n\t\t          \n            jQuery(\".elementor-tab-title\").click(function(){\n                      var element_id;\n                      var pano_id;\n                      var element_id = this.id;\n                      element_id = element_id.split(\"-\");\n                      element_id = element_id[3];\n                      jQuery(\"#elementor-tab-content-\"+element_id).children(\"div\").addClass(\"awwww\");\n                      var pano_id = jQuery(\".awwww\").attr(\"id\");\n                      jQuery(\"#elementor-tab-content-\"+element_id).children(\"div\").removeClass(\"awwww\");\n                      if (pano_id != undefined) {\n                        pano_id = pano_id.split(\"o\");\n                        pano_id = pano_id[1];\n                        if (pano_id == \"3390\") {\n                          jQuery(\"#pano3390\").children(\".pnlm-render-container\").remove();\n                          jQuery(\"#pano3390\").children(\".pnlm-ui\").remove();\n                          panoshow3390 = pannellum.viewer(response[0][\"panoid\"], scenes);\n                          setTimeout(function() {\n                                  panoshow3390.loadScene(\"lakasok\");\n                                  window.dispatchEvent(new Event(\"resize\"));\n                                  if (jQuery(\"#pano3390\").children().children(\".pnlm-panorama-info:visible\").length > 0) {\n                                       jQuery(\"#controls3390\").css(\"bottom\", \"55px\");\n                                   }\n                                   else {\n                                     jQuery(\"#controls3390\").css(\"bottom\", \"5px\");\n                                   }\n                          }, 200);\n                        }\n                      }\n            });\n        \n            jQuery(\".geodir-tab-head dd, #vr-tour-tab\").click(function(){\n              jQuery(\"#pano3390\").children(\".pnlm-render-container\").remove();\n              jQuery(\"#pano3390\").children(\".pnlm-ui\").remove();\n              panoshow3390 = pannellum.viewer(response[0][\"panoid\"], scenes);\n              setTimeout(function() {\n                      panoshow3390.loadScene(\"lakasok\");\n                      window.dispatchEvent(new Event(\"resize\"));\n                      if (jQuery(\"#pano3390\").children().children(\".pnlm-panorama-info:visible\").length > 0) {\n                           jQuery(\"#controls3390\").css(\"bottom\", \"55px\");\n                       }\n                       else {\n                         jQuery(\"#controls3390\").css(\"bottom\", \"5px\");\n                       }\n              }, 200);\n            });\n        \n            jQuery(\"#pano3390\").children(\".pnlm-ui\").find(\".pnlm-load-button p\").text(\"Click To Load Panorama\")\n            });<\/script>\t\t<\/div>\n\t\t\t\t<\/div>\n\t\t\t\t\t<\/div>\n\t\t<\/div>\n\t\t\t\t\t\t\t<\/div>\n\t\t<\/section>\n\t\t\t\t\t\t<\/div>\n\t\t\t\t\t<\/div>\n\t\t","protected":false},"excerpt":{"rendered":"<p>T\u00c1RSASH\u00c1ZI LAK\u00c1SOK L\u00c1TV\u00c1NYTERVE A PROJEKT R\u00c9SZLETEI MEGRENDEL\u0150: XPERT REALITY TELJES ID\u0150TARTAM: 2\u00a0 h\u00e9t LAK\u00c1SOK MEGV\u00c1S\u00c1RL\u00c1SA: xpertreality.sk\u00a0 HELYSZ\u00cdN: Dun\u00e1jsk\u00e1 Streda R\u00c9SZLETEK: 3 Emeletes t\u00e1rsash\u00e1z teljes vizualiz\u00e1ci\u00f3ja + k\u00f6rnyezet<\/p>","protected":false},"author":1,"featured_media":0,"parent":16,"menu_order":0,"comment_status":"closed","ping_status":"closed","template":"elementor_header_footer","meta":[],"_links":{"self":[{"href":"https:\/\/www.youridealhome.sk\/sk\/wp-json\/wp\/v2\/pages\/950"}],"collection":[{"href":"https:\/\/www.youridealhome.sk\/sk\/wp-json\/wp\/v2\/pages"}],"about":[{"href":"https:\/\/www.youridealhome.sk\/sk\/wp-json\/wp\/v2\/types\/page"}],"author":[{"embeddable":true,"href":"https:\/\/www.youridealhome.sk\/sk\/wp-json\/wp\/v2\/users\/1"}],"replies":[{"embeddable":true,"href":"https:\/\/www.youridealhome.sk\/sk\/wp-json\/wp\/v2\/comments?post=950"}],"version-history":[{"count":6,"href":"https:\/\/www.youridealhome.sk\/sk\/wp-json\/wp\/v2\/pages\/950\/revisions"}],"predecessor-version":[{"id":3505,"href":"https:\/\/www.youridealhome.sk\/sk\/wp-json\/wp\/v2\/pages\/950\/revisions\/3505"}],"up":[{"embeddable":true,"href":"https:\/\/www.youridealhome.sk\/sk\/wp-json\/wp\/v2\/pages\/16"}],"wp:attachment":[{"href":"https:\/\/www.youridealhome.sk\/sk\/wp-json\/wp\/v2\/media?parent=950"}],"curies":[{"name":"wp","href":"https:\/\/api.w.org\/{rel}","templated":true}]}}