{"id":8,"date":"2020-01-13T14:50:36","date_gmt":"2020-01-13T14:50:36","guid":{"rendered":"https:\/\/ld-wp73.template-help.com\/wordpress\/prod_523\/v1\/?page_id=8"},"modified":"2022-04-18T19:47:37","modified_gmt":"2022-04-18T19:47:37","slug":"home","status":"publish","type":"page","link":"https:\/\/www.youridealhome.sk\/sk\/","title":{"rendered":"Home"},"content":{"rendered":"<div data-elementor-type=\"wp-page\" data-elementor-id=\"8\" class=\"elementor elementor-8\" data-elementor-settings=\"[]\">\n\t\t\t\t\t\t\t<div class=\"elementor-section-wrap\">\n\t\t\t\t\t\t\t<section class=\"elementor-section elementor-top-section elementor-element elementor-element-a9c0b95 elementor-section-full_width elementor-section-height-default elementor-section-height-default\" data-id=\"a9c0b95\" data-element_type=\"section\">\n\t\t\t\t\t\t<div class=\"elementor-container elementor-column-gap-default\">\n\t\t\t\t\t<div class=\"elementor-column elementor-col-100 elementor-top-column elementor-element elementor-element-5dc774e\" data-id=\"5dc774e\" data-element_type=\"column\">\n\t\t\t<div class=\"elementor-widget-wrap elementor-element-populated\">\n\t\t\t\t\t\t\t\t<div class=\"elementor-element elementor-element-8376697 elementor-widget elementor-widget-jet-slider\" data-id=\"8376697\" data-element_type=\"widget\" data-widget_type=\"jet-slider.default\">\n\t\t\t\t<div class=\"elementor-widget-container\">\n\t\t\t<div class=\"elementor-jet-slider jet-elements\">\n<div class=\"jet-slider jet-slider__image-exact\" data-settings='{\"sliderWidth\":{\"unit\":\"%\",\"size\":100,\"sizes\":[]},\"sliderHeight\":{\"unit\":\"px\",\"size\":894,\"sizes\":[]},\"sliderHeightTablet\":{\"unit\":\"px\",\"size\":\"\",\"sizes\":[]},\"sliderHeightMobile\":{\"unit\":\"vh\",\"size\":\"\",\"sizes\":[]},\"sliderNavigation\":false,\"sliderNavigationIcon\":\"jet-slider__arrow-icon-8376697\",\"sliderNaviOnHover\":false,\"sliderPagination\":true,\"sliderAutoplay\":true,\"sliderAutoplayDelay\":4300,\"sliderAutoplayOnHover\":\"none\",\"sliderFullScreen\":false,\"sliderFullscreenIcon\":\"jet-slider__fullscreen-icon-8376697\",\"sliderShuffle\":false,\"sliderLoop\":true,\"sliderFadeMode\":true,\"slideDistance\":{\"unit\":\"px\",\"size\":12,\"sizes\":[]},\"slideDuration\":430,\"imageScaleMode\":\"exact\",\"thumbnails\":false,\"thumbnailWidth\":120,\"thumbnailWidthTablet\":\"\",\"thumbnailWidthMobile\":\"\",\"thumbnailHeight\":80,\"thumbnailHeightTablet\":\"\",\"thumbnailHeightMobile\":\"\",\"rightToLeft\":false,\"touchswipe\":true,\"fractionPag\":false}'>\n\t\n<div class=\"slider-pro\"><div class=\"jet-slider__arrow-icon-8376697 hidden-html\"><\/div><div class=\"jet-slider__fullscreen-icon-8376697 hidden-html\"><\/div><div class=\"jet-slider__items sp-slides\">\n\n<div  class=\"jet-slider__item sp-slide\"><img class=\"sp-image\" src=\"https:\/\/www.youridealhome.sk\/wp-content\/uploads\/2021\/07\/Enscape_2021-04-05-13-42-27.png\" alt=\"Enscape_2021-04-05-13-42-27\"><div class=\"jet-slider__content sp-layer\" data-position=\"centerCenter\" data-width=\"100%\" data-height=\"100%\" data-horizontal=\"0%\" data-show-transition=\"up\" data-show-duration=\"400\" data-show-delay=\"400\" >\n\t\t<div class=\"jet-slider__content-item\">\n\t\t\t<div class=\"jet-slider__content-inner\"><h1 class=\"jet-slider__title\">FOTOREALISTICK\u00c1<\/h1><h5 class=\"jet-slider__subtitle\">VIZUALIZ\u00c1CIE<\/h5>\n\t\t\t\t\t\t<div class=\"jet-slider__button-wrapper\">\t\t\t\t\t\t<\/div><\/div>\n\t\t<\/div>\n\t\t\t<\/div>\n<\/div>\n\n<div  class=\"jet-slider__item sp-slide\"><img class=\"sp-image\" src=\"https:\/\/www.youridealhome.sk\/wp-content\/uploads\/2021\/07\/Enscape_2021-04-04-21-29-25.png\" alt=\"Enscape_2021-04-04-21-29-25\"><div class=\"jet-slider__content sp-layer\" data-position=\"centerCenter\" data-width=\"100%\" data-height=\"100%\" data-horizontal=\"0%\" data-show-transition=\"up\" data-show-duration=\"400\" data-show-delay=\"400\" >\n\t\t<div class=\"jet-slider__content-item\">\n\t\t\t<div class=\"jet-slider__content-inner\"><div class=\"jet-slider__title\">PRISP\u00d4SOBITE\u013dN\u00c9<\/div><h5 class=\"jet-slider__subtitle\">AK\u00ddMKO\u013dVEK SP\u00d4SOBOM<\/h5>\n\t\t\t\t\t\t<div class=\"jet-slider__button-wrapper\">\t\t\t\t\t\t<\/div><\/div>\n\t\t<\/div>\n\t\t\t<\/div>\n<\/div>\n\n<div  class=\"jet-slider__item sp-slide\"><img class=\"sp-image\" src=\"https:\/\/www.youridealhome.sk\/wp-content\/uploads\/2021\/07\/Your_IDEAL_Home__2021-05-10-19-40-24-1.png\" alt=\"Your_IDEAL_Home__2021-05-10-19-40-24\"><div class=\"jet-slider__content sp-layer\" data-position=\"centerCenter\" data-width=\"100%\" data-height=\"100%\" data-horizontal=\"0%\" data-show-transition=\"up\" data-show-duration=\"400\" data-show-delay=\"400\" >\n\t\t<div class=\"jet-slider__content-item\">\n\t\t\t<div class=\"jet-slider__content-inner\"><div class=\"jet-slider__title\">MAL\u00c9 A VE\u013dK\u00c9 PROJEKTY<\/div><h5 class=\"jet-slider__subtitle\">PRE FIRMY A TAKISTO AJ PRE S\u00daKROMN\u00c9 OSOBY<\/h5>\n\t\t\t\t\t\t<div class=\"jet-slider__button-wrapper\">\t\t\t\t\t\t<\/div><\/div>\n\t\t<\/div>\n\t\t\t<\/div>\n<\/div>\n\n<div  class=\"jet-slider__item sp-slide\"><img class=\"sp-image\" src=\"https:\/\/www.youridealhome.sk\/wp-content\/uploads\/2021\/07\/17.png\" alt=\"17\"><div class=\"jet-slider__content sp-layer\" data-position=\"centerCenter\" data-width=\"100%\" data-height=\"100%\" data-horizontal=\"0%\" data-show-transition=\"up\" data-show-duration=\"400\" data-show-delay=\"400\" >\n\t\t<div class=\"jet-slider__content-item\">\n\t\t\t<div class=\"jet-slider__content-inner\"><h5 class=\"jet-slider__title\">Z\u00c1HRADSK\u00c9<\/h5><h5 class=\"jet-slider__subtitle\">VIZUALIZ\u00c1CIE<\/h5>\n\t\t\t\t\t\t<div class=\"jet-slider__button-wrapper\"><a class=\"elementor-button elementor-size-md jet-slider__button jet-slider__button--primary\" href=\"https:\/\/www.youridealhome.sk\/sk\/projects\/kertek\/\">\u010ealej<\/a>\t\t\t\t\t\t<\/div><\/div>\n\t\t<\/div>\n\t\t\t<\/div>\n<\/div>\n\n<div  class=\"jet-slider__item sp-slide\"><img class=\"sp-image\" src=\"https:\/\/www.youridealhome.sk\/wp-content\/uploads\/2021\/07\/LaroDesign_Home_Kitchen_2021-05-05-08-41-12.png\" alt=\"LaroDesign_Home_Kitchen_2021-05-05-08-41-12\"><div class=\"jet-slider__content sp-layer\" data-position=\"centerCenter\" data-width=\"100%\" data-height=\"100%\" data-horizontal=\"0%\" data-show-transition=\"up\" data-show-duration=\"400\" data-show-delay=\"400\" >\n\t\t<div class=\"jet-slider__content-item\">\n\t\t\t<div class=\"jet-slider__content-inner\"><h5 class=\"jet-slider__title\">KUCHYNSK\u00c9<\/h5><h5 class=\"jet-slider__subtitle\">VIZUALIZ\u00c1CIE<\/h5>\n\t\t\t\t\t\t<div class=\"jet-slider__button-wrapper\"><a class=\"elementor-button elementor-size-md jet-slider__button jet-slider__button--primary\" href=\"https:\/\/www.youridealhome.sk\/sk\/projects\/konyhak\/\">\u010ealej <\/a>\t\t\t\t\t\t<\/div><\/div>\n\t\t<\/div>\n\t\t\t<\/div>\n<\/div>\n\n<div  class=\"jet-slider__item sp-slide\"><img class=\"sp-image\" src=\"https:\/\/www.youridealhome.sk\/wp-content\/uploads\/2022\/04\/NOVA-SLUZBAaaa.png\" alt=\"NOV\u00c1 SLUZBAaaa\"><div class=\"jet-slider__content sp-layer\" data-position=\"centerCenter\" data-width=\"100%\" data-height=\"100%\" data-horizontal=\"0%\" data-show-transition=\"up\" data-show-duration=\"400\" data-show-delay=\"400\" >\n\t\t<div class=\"jet-slider__content-item\">\n\t\t\t<div class=\"jet-slider__content-inner\"><h5 class=\"jet-slider__title\">Z\u00c1BERY POMOCOU DRONU<\/h5><h5 class=\"jet-slider__subtitle\">FOTO,VIDEO,PANOR\u00c1MA<\/h5>\n\t\t\t\t\t\t<div class=\"jet-slider__button-wrapper\"><a class=\"elementor-button elementor-size-md jet-slider__button jet-slider__button--primary\" href=\"https:\/\/www.youridealhome.sk\/sk\/dron\/\">\u010ealej<\/a>\t\t\t\t\t\t<\/div><\/div>\n\t\t<\/div>\n\t\t\t<\/div>\n<\/div>\n\n<div  class=\"jet-slider__item sp-slide\"><img class=\"sp-image\" src=\"https:\/\/www.youridealhome.sk\/wp-content\/uploads\/2022\/04\/NOVA-SLUZBA-1.png\" alt=\"NOV\u00c1 SLUZBA (1)\"><div class=\"jet-slider__content sp-layer\" data-position=\"centerCenter\" data-width=\"100%\" data-height=\"100%\" data-horizontal=\"0%\" data-show-transition=\"up\" data-show-duration=\"400\" data-show-delay=\"400\" >\n\t\t<div class=\"jet-slider__content-item\">\n\t\t\t<div class=\"jet-slider__content-inner\"><h5 class=\"jet-slider__title\">ARCHITEKTONICK\u00c9 MODELOVANIE<\/h5><h5 class=\"jet-slider__subtitle\">VIRTU\u00c1LNE, TLA\u010cENIE ARCHITEKTONICK\u00ddCH MODELOV<\/h5>\n\t\t\t\t\t\t<div class=\"jet-slider__button-wrapper\"><a class=\"elementor-button elementor-size-md jet-slider__button jet-slider__button--primary\" href=\"https:\/\/www.youridealhome.sk\/sk\/makett\/\">\u010ealej<\/a>\t\t\t\t\t\t<\/div><\/div>\n\t\t<\/div>\n\t\t\t<\/div>\n<\/div>\n\n<\/div>\n<\/div>\n<\/div>\n<\/div>\t\t<\/div>\n\t\t\t\t<\/div>\n\t\t\t\t\t<\/div>\n\t\t<\/div>\n\t\t\t\t\t\t\t<\/div>\n\t\t<\/section>\n\t\t\t\t<section class=\"elementor-section elementor-top-section elementor-element elementor-element-c4d8c85 elementor-section-boxed elementor-section-height-default elementor-section-height-default\" data-id=\"c4d8c85\" data-element_type=\"section\" data-settings=\"{&quot;background_background&quot;:&quot;classic&quot;}\">\n\t\t\t\t\t\t<div class=\"elementor-container elementor-column-gap-default\">\n\t\t\t\t\t<div class=\"elementor-column elementor-col-100 elementor-top-column elementor-element elementor-element-b76478a\" data-id=\"b76478a\" data-element_type=\"column\">\n\t\t\t<div class=\"elementor-widget-wrap elementor-element-populated\">\n\t\t\t\t\t\t\t\t<section class=\"elementor-section elementor-inner-section elementor-element elementor-element-c7d9fba elementor-section-boxed elementor-section-height-default elementor-section-height-default\" data-id=\"c7d9fba\" data-element_type=\"section\">\n\t\t\t\t\t\t<div class=\"elementor-container elementor-column-gap-default\">\n\t\t\t\t\t<div class=\"elementor-column elementor-col-50 elementor-inner-column elementor-element elementor-element-e74d7e5\" data-id=\"e74d7e5\" data-element_type=\"column\">\n\t\t\t<div class=\"elementor-widget-wrap elementor-element-populated\">\n\t\t\t\t\t\t\t\t<div class=\"elementor-element elementor-element-c27db1b elementor-position-left elementor-vertical-align-top elementor-widget elementor-widget-image-box\" data-id=\"c27db1b\" data-element_type=\"widget\" data-widget_type=\"image-box.default\">\n\t\t\t\t<div class=\"elementor-widget-container\">\n\t\t\t<div class=\"elementor-image-box-wrapper\"><figure class=\"elementor-image-box-img\"><img src=\"https:\/\/www.youridealhome.sk\/wp-content\/uploads\/elementor\/thumbs\/icon4-pa2aw8njffo8oky4t45mbcq0yp8j5gejm6x4s150sg.png\" title=\"icon4\" alt=\"img\" \/><\/figure><div class=\"elementor-image-box-content\"><h3 class=\"elementor-image-box-title\">TECHNICK\u00dd N\u00c1KRES<\/h3><p class=\"elementor-image-box-description\">Pre presn\u00e9 vizualiz\u00e1cie je potrebn\u00fd p\u00f4dorys. V pr\u00edpade, \u017ee p\u00f4dorys nie je k dispozici\u00ed, je potrebn\u00e9 vykona\u0165 merania na mieste.<\/p><\/div><\/div>\t\t<\/div>\n\t\t\t\t<\/div>\n\t\t\t\t\t<\/div>\n\t\t<\/div>\n\t\t\t\t<div class=\"elementor-column elementor-col-50 elementor-inner-column elementor-element elementor-element-0b6540c\" data-id=\"0b6540c\" data-element_type=\"column\">\n\t\t\t<div class=\"elementor-widget-wrap elementor-element-populated\">\n\t\t\t\t\t\t\t\t<div class=\"elementor-element elementor-element-11be02b elementor-position-left elementor-vertical-align-top elementor-widget elementor-widget-image-box\" data-id=\"11be02b\" data-element_type=\"widget\" data-widget_type=\"image-box.default\">\n\t\t\t\t<div class=\"elementor-widget-container\">\n\t\t\t<div class=\"elementor-image-box-wrapper\"><figure class=\"elementor-image-box-img\"><img src=\"https:\/\/www.youridealhome.sk\/wp-content\/uploads\/elementor\/thumbs\/icon3-pa2aw8njffo8oky4t45mbcq0yp8j5gejm6x4s150sg.png\" title=\"icon3\" alt=\"img\" \/><\/figure><div class=\"elementor-image-box-content\"><h3 class=\"elementor-image-box-title\">BEZ TECHNICK\u00c9HO N\u00c1KRESU<\/h3><p class=\"elementor-image-box-description\">Ak nem\u00e1te k dispozici\u00ed technick\u00fd n\u00e1kres nie je \u017eiadny probl\u00e9m, v tom pr\u00edpade zmeriame parametre projektu s laserovou technol\u00f3giou.<\/p><\/div><\/div>\t\t<\/div>\n\t\t\t\t<\/div>\n\t\t\t\t\t<\/div>\n\t\t<\/div>\n\t\t\t\t\t\t\t<\/div>\n\t\t<\/section>\n\t\t\t\t<section class=\"elementor-section elementor-inner-section elementor-element elementor-element-d6b732a elementor-section-boxed elementor-section-height-default elementor-section-height-default\" data-id=\"d6b732a\" data-element_type=\"section\">\n\t\t\t\t\t\t<div class=\"elementor-container elementor-column-gap-default\">\n\t\t\t\t\t<div class=\"elementor-column elementor-col-50 elementor-inner-column elementor-element elementor-element-a477e18\" data-id=\"a477e18\" data-element_type=\"column\">\n\t\t\t<div class=\"elementor-widget-wrap elementor-element-populated\">\n\t\t\t\t\t\t\t\t<div class=\"elementor-element elementor-element-09a638f elementor-position-left elementor-vertical-align-top elementor-widget elementor-widget-image-box\" data-id=\"09a638f\" data-element_type=\"widget\" data-widget_type=\"image-box.default\">\n\t\t\t\t<div class=\"elementor-widget-container\">\n\t\t\t<div class=\"elementor-image-box-wrapper\"><figure class=\"elementor-image-box-img\"><img src=\"https:\/\/www.youridealhome.sk\/wp-content\/uploads\/elementor\/thumbs\/icon2-pa2aw8njffocrwezobw40rw11gxdemss4w0p6mg0lk.png\" title=\"icon2\" alt=\"img\" \/><\/figure><div class=\"elementor-image-box-content\"><h3 class=\"elementor-image-box-title\">PROJEKTY<\/h3><p class=\"elementor-image-box-description\">Rob\u00edme men\u0161ie projekty ako byty alebo garz\u00f3nky, takisto v\u0161ak rob\u00edme aj v\u00e4\u010d\u0161ie projekty ako rodinn\u00e9 domy alebo obytn\u00e9 parky. \n<\/p><\/div><\/div>\t\t<\/div>\n\t\t\t\t<\/div>\n\t\t\t\t\t<\/div>\n\t\t<\/div>\n\t\t\t\t<div class=\"elementor-column elementor-col-50 elementor-inner-column elementor-element elementor-element-4f3cebc\" data-id=\"4f3cebc\" data-element_type=\"column\">\n\t\t\t<div class=\"elementor-widget-wrap elementor-element-populated\">\n\t\t\t\t\t\t\t\t<div class=\"elementor-element elementor-element-1dcbc0b elementor-position-left elementor-vertical-align-top elementor-widget elementor-widget-image-box\" data-id=\"1dcbc0b\" data-element_type=\"widget\" data-widget_type=\"image-box.default\">\n\t\t\t\t<div class=\"elementor-widget-container\">\n\t\t\t<div class=\"elementor-image-box-wrapper\"><figure class=\"elementor-image-box-img\"><img src=\"https:\/\/www.youridealhome.sk\/wp-content\/uploads\/elementor\/thumbs\/idea2-paaif5zfk5kaw0s6tkbo4ku64h0kcnliiolk2604js.png\" title=\"idea2\" alt=\"idea2\" \/><\/figure><div class=\"elementor-image-box-content\"><h3 class=\"elementor-image-box-title\">STAR\u00c9 NEHNUTE\u013dNOSTI Z NOV\u00c9HO UH\u013dA POH\u013dADU<\/h3><p class=\"elementor-image-box-description\">Chceli by ste obnovi\u0165 star\u0161ie nehnute\u013enosti ? Pon\u00fakame skvel\u00e9 mo\u017enosti na ka\u017ed\u00fa situ\u00e1ciu. \n<\/p><\/div><\/div>\t\t<\/div>\n\t\t\t\t<\/div>\n\t\t\t\t\t<\/div>\n\t\t<\/div>\n\t\t\t\t\t\t\t<\/div>\n\t\t<\/section>\n\t\t\t\t<section class=\"elementor-section elementor-inner-section elementor-element elementor-element-a353db3 elementor-section-boxed elementor-section-height-default elementor-section-height-default\" data-id=\"a353db3\" data-element_type=\"section\">\n\t\t\t\t\t\t<div class=\"elementor-container elementor-column-gap-default\">\n\t\t\t\t\t<div class=\"elementor-column elementor-col-50 elementor-inner-column elementor-element elementor-element-e89950c\" data-id=\"e89950c\" data-element_type=\"column\">\n\t\t\t<div class=\"elementor-widget-wrap elementor-element-populated\">\n\t\t\t\t\t\t\t\t<div class=\"elementor-element elementor-element-1b1f6d6 elementor-position-left elementor-vertical-align-top elementor-widget elementor-widget-image-box\" data-id=\"1b1f6d6\" data-element_type=\"widget\" data-widget_type=\"image-box.default\">\n\t\t\t\t<div class=\"elementor-widget-container\">\n\t\t\t<div class=\"elementor-image-box-wrapper\"><figure class=\"elementor-image-box-img\"><img src=\"https:\/\/www.youridealhome.sk\/wp-content\/uploads\/elementor\/thumbs\/icon6-paaexqeriap7t2jnct5fw521txhp3wsntvdbenv8bg.png\" title=\"icon6\" alt=\"icon6\" \/><\/figure><div class=\"elementor-image-box-content\"><h3 class=\"elementor-image-box-title\">N\u00c1\u0160 T\u00cdM<\/h3><p class=\"elementor-image-box-description\">Sna\u017e\u00edme sa n\u00e1js\u0165 v\u017edy najlep\u0161ie mo\u017enosti pre na\u0161ich klientov. \n\n<\/p><\/div><\/div>\t\t<\/div>\n\t\t\t\t<\/div>\n\t\t\t\t\t<\/div>\n\t\t<\/div>\n\t\t\t\t<div class=\"elementor-column elementor-col-50 elementor-inner-column elementor-element elementor-element-743d231\" data-id=\"743d231\" data-element_type=\"column\">\n\t\t\t<div class=\"elementor-widget-wrap elementor-element-populated\">\n\t\t\t\t\t\t\t\t<div class=\"elementor-element elementor-element-15b80ae elementor-position-left elementor-vertical-align-top elementor-widget elementor-widget-image-box\" data-id=\"15b80ae\" data-element_type=\"widget\" data-widget_type=\"image-box.default\">\n\t\t\t\t<div class=\"elementor-widget-container\">\n\t\t\t<div class=\"elementor-image-box-wrapper\"><figure class=\"elementor-image-box-img\"><img src=\"https:\/\/www.youridealhome.sk\/wp-content\/uploads\/elementor\/thumbs\/icon6-pa2aw8njffo6mx7pdiadgn50xbe40v7fcudckqhivw.png\" title=\"icon6\" alt=\"img\" \/><\/figure><div class=\"elementor-image-box-content\"><h3 class=\"elementor-image-box-title\">KOMUNIK\u00c1CIA<\/h3><p class=\"elementor-image-box-description\">Kontaktuje n\u00e1s e-mailom alebo telef\u00f3nom, sme V\u00e1m k dispozici\u00ed.<\/p><\/div><\/div>\t\t<\/div>\n\t\t\t\t<\/div>\n\t\t\t\t\t<\/div>\n\t\t<\/div>\n\t\t\t\t\t\t\t<\/div>\n\t\t<\/section>\n\t\t\t\t\t<\/div>\n\t\t<\/div>\n\t\t\t\t\t\t\t<\/div>\n\t\t<\/section>\n\t\t\t\t<section class=\"elementor-section elementor-top-section elementor-element elementor-element-c804a3a elementor-section-boxed elementor-section-height-default elementor-section-height-default\" data-id=\"c804a3a\" data-element_type=\"section\" data-settings=\"{&quot;background_background&quot;:&quot;video&quot;,&quot;background_video_link&quot;:&quot;\\\/wp-content\\\/uploads\\\/2021\\\/07\\\/Royal-Park_1_1.mp4&quot;}\">\n\t\t\t\t\t\t\t\t<div class=\"elementor-background-video-container elementor-hidden-phone\">\n\t\t\t\t\t\t\t\t\t\t\t\t\t<video class=\"elementor-background-video-hosted elementor-html5-video\" autoplay muted playsinline loop><\/video>\n\t\t\t\t\t\t\t\t\t\t\t<\/div>\n\t\t\t\t\t\t\t\t\t<div class=\"elementor-background-overlay\"><\/div>\n\t\t\t\t\t\t\t<div class=\"elementor-container elementor-column-gap-default\">\n\t\t\t\t\t<div class=\"elementor-column elementor-col-100 elementor-top-column elementor-element elementor-element-c7032e2\" data-id=\"c7032e2\" data-element_type=\"column\">\n\t\t\t<div class=\"elementor-widget-wrap elementor-element-populated\">\n\t\t\t\t\t\t\t\t<div class=\"elementor-element elementor-element-9c014e8 elementor-widget__width-initial elementor-widget elementor-widget-heading\" data-id=\"9c014e8\" data-element_type=\"widget\" data-widget_type=\"heading.default\">\n\t\t\t\t<div class=\"elementor-widget-container\">\n\t\t\t<h2 class=\"elementor-heading-title elementor-size-default\">O N\u00c1S<\/h2>\t\t<\/div>\n\t\t\t\t<\/div>\n\t\t\t\t<div class=\"elementor-element elementor-element-fc41371 elementor-widget__width-initial elementor-widget elementor-widget-heading\" data-id=\"fc41371\" data-element_type=\"widget\" data-widget_type=\"heading.default\">\n\t\t\t\t<div class=\"elementor-widget-container\">\n\t\t\t<h3 class=\"elementor-heading-title elementor-size-default\">Sme r\u00fdchlo vyv\u00fdjaj\u00faca sa firma, ktor\u00e1 sa zaober\u00e1 fotorealistick\u00fdm vizu\u00e1lnym dizajnom.<br><\/h3>\t\t<\/div>\n\t\t\t\t<\/div>\n\t\t\t\t<div class=\"elementor-element elementor-element-f725372 elementor-widget__width-initial elementor-widget elementor-widget-text-editor\" data-id=\"f725372\" data-element_type=\"widget\" data-widget_type=\"text-editor.default\">\n\t\t\t\t<div class=\"elementor-widget-container\">\n\t\t\t\t\t\t\t\t<p>Pracujeme s najnov\u0161\u00edmi programami, ktor\u00e9 n\u00e1m umo\u017e\u0148uj\u00fa maxim\u00e1lne vyu\u017e\u00edva\u0165 ka\u017ed\u00fa slu\u017ebu. Na\u0161im cie\u013eom je pom\u00f4c\u0165 klientom dokonale vyzualizova\u0165 ich predstavy o ich vysnivan\u00fdch domovoch.<\/p>\t\t\t\t\t\t<\/div>\n\t\t\t\t<\/div>\n\t\t\t\t\t<\/div>\n\t\t<\/div>\n\t\t\t\t\t\t\t<\/div>\n\t\t<\/section>\n\t\t\t\t<section class=\"elementor-section elementor-top-section elementor-element elementor-element-a6997b9 elementor-section-full_width elementor-section-height-default elementor-section-height-default\" data-id=\"a6997b9\" data-element_type=\"section\" data-settings=\"{&quot;background_background&quot;:&quot;classic&quot;}\">\n\t\t\t\t\t\t<div class=\"elementor-container elementor-column-gap-default\">\n\t\t\t\t\t<div class=\"elementor-column elementor-col-100 elementor-top-column elementor-element elementor-element-0bb4dcb\" data-id=\"0bb4dcb\" data-element_type=\"column\">\n\t\t\t<div class=\"elementor-widget-wrap elementor-element-populated\">\n\t\t\t\t\t\t\t\t<section class=\"elementor-section elementor-inner-section elementor-element elementor-element-87a6465 elementor-section-boxed elementor-section-height-default elementor-section-height-default\" data-id=\"87a6465\" data-element_type=\"section\">\n\t\t\t\t\t\t<div class=\"elementor-container elementor-column-gap-default\">\n\t\t\t\t\t<div class=\"elementor-column elementor-col-100 elementor-inner-column elementor-element elementor-element-29b7f74\" data-id=\"29b7f74\" data-element_type=\"column\">\n\t\t\t<div class=\"elementor-widget-wrap elementor-element-populated\">\n\t\t\t\t\t\t\t\t<div class=\"elementor-element elementor-element-07a6309 elementor-widget elementor-widget-text-editor\" data-id=\"07a6309\" data-element_type=\"widget\" data-widget_type=\"text-editor.default\">\n\t\t\t\t<div class=\"elementor-widget-container\">\n\t\t\t\t\t\t\t\t<h3>V\u010eAKA NA\u0160IM MODERN\u00ddM PROGRAMOM SI VIEME PORADI\u0164 \u010cI U\u017d S MEN\u0160\u00cdMI ALEBO V\u00e4\u010c\u0160\u00cdMI PROJEKTAMI PRE S\u00daKROMN\u00c9 OSOBY A FIRMY.<\/h3>\t\t\t\t\t\t<\/div>\n\t\t\t\t<\/div>\n\t\t\t\t<div class=\"elementor-element elementor-element-7481b24 elementor-align-center elementor-widget elementor-widget-button\" data-id=\"7481b24\" data-element_type=\"widget\" data-widget_type=\"button.default\">\n\t\t\t\t<div class=\"elementor-widget-container\">\n\t\t\t\t\t<div class=\"elementor-button-wrapper\">\n\t\t\t<a href=\"https:\/\/www.youridealhome.sk\/sk\/contacts\/\" class=\"elementor-button-link elementor-button elementor-size-sm\" role=\"button\">\n\t\t\t\t\t\t<span class=\"elementor-button-content-wrapper\">\n\t\t\t\t\t\t<span class=\"elementor-button-text\">KONTAKTUJTE N\u00c1S<\/span>\n\t\t<\/span>\n\t\t\t\t\t<\/a>\n\t\t<\/div>\n\t\t\t\t<\/div>\n\t\t\t\t<\/div>\n\t\t\t\t\t<\/div>\n\t\t<\/div>\n\t\t\t\t\t\t\t<\/div>\n\t\t<\/section>\n\t\t\t\t\t<\/div>\n\t\t<\/div>\n\t\t\t\t\t\t\t<\/div>\n\t\t<\/section>\n\t\t\t\t\t\t<\/div>\n\t\t\t\t\t<\/div>","protected":false},"excerpt":{"rendered":"<p>FOT\u00d3REALISZTIKUS L\u00c1TV\u00c1NYTERVEZ\u00c9S TESTRESZABHAT\u00d3 B\u00c1RMILYEN M\u00d3DON KIS \u00c9S NAGY PROJEKTEK MAG\u00c1NSZEM\u00c9LYEK, ILLETVE C\u00c9GEK SZ\u00c1M\u00c1RA KERTEK VIZUALIZ\u00c1CI\u00d3JA Tov\u00e1bb KONYH\u00c1K VIZUALIZ\u00c1CI\u00d3JA Tov\u00e1bb DR\u00d3N FELV\u00c9TELEK FOT\u00d3K, VIDE\u00d3K , PANOR\u00c1M\u00c1K Tov\u00e1bb MAKETT K\u00c9SZ\u00edT\u00c9S VIRTU\u00c1LIS, 3D NYOMTATOTT MAKETTEK TOV\u00c1BB TECHNIKAI RAJZ Pontos l\u00e1tv\u00e1nyterveink elk\u00e9sz\u00edt\u00e9s\u00e9hez sz\u00fcks\u00e9ges az alaprajz biztos\u00edt\u00e1sa. Amennyiben ez nem \u00e1ll rendelkez\u00e9sre, helysz\u00edni felm\u00e9r\u00e9s sz\u00fcks\u00e9ges. TECHNIKAI RAJZ N\u00c9LK\u00dcL Amenyiben nem, [&hellip;]<\/p>\n","protected":false},"author":1,"featured_media":0,"parent":0,"menu_order":0,"comment_status":"closed","ping_status":"closed","template":"elementor_header_footer","meta":[],"_links":{"self":[{"href":"https:\/\/www.youridealhome.sk\/sk\/wp-json\/wp\/v2\/pages\/8"}],"collection":[{"href":"https:\/\/www.youridealhome.sk\/sk\/wp-json\/wp\/v2\/pages"}],"about":[{"href":"https:\/\/www.youridealhome.sk\/sk\/wp-json\/wp\/v2\/types\/page"}],"author":[{"embeddable":true,"href":"https:\/\/www.youridealhome.sk\/sk\/wp-json\/wp\/v2\/users\/1"}],"replies":[{"embeddable":true,"href":"https:\/\/www.youridealhome.sk\/sk\/wp-json\/wp\/v2\/comments?post=8"}],"version-history":[{"count":6,"href":"https:\/\/www.youridealhome.sk\/sk\/wp-json\/wp\/v2\/pages\/8\/revisions"}],"predecessor-version":[{"id":4564,"href":"https:\/\/www.youridealhome.sk\/sk\/wp-json\/wp\/v2\/pages\/8\/revisions\/4564"}],"wp:attachment":[{"href":"https:\/\/www.youridealhome.sk\/sk\/wp-json\/wp\/v2\/media?parent=8"}],"curies":[{"name":"wp","href":"https:\/\/api.w.org\/{rel}","templated":true}]}}