{"id":3670,"date":"2021-11-28T07:30:01","date_gmt":"2021-11-28T07:30:01","guid":{"rendered":"https:\/\/www.youridealhome.sk\/?page_id=3670"},"modified":"2022-04-17T21:13:32","modified_gmt":"2022-04-17T21:13:32","slug":"mailnovo","status":"publish","type":"page","link":"https:\/\/www.youridealhome.sk\/sk\/mailnovo\/","title":{"rendered":""},"content":{"rendered":"\t\t<div data-elementor-type=\"wp-page\" data-elementor-id=\"3670\" class=\"elementor elementor-3670\" data-elementor-settings=\"[]\">\n\t\t\t\t\t\t\t<div class=\"elementor-section-wrap\">\n\t\t\t\t\t\t\t<section class=\"elementor-section elementor-top-section elementor-element elementor-element-861ead0 elementor-section-boxed elementor-section-height-default elementor-section-height-default\" data-id=\"861ead0\" data-element_type=\"section\">\n\t\t\t\t\t\t<div class=\"elementor-container elementor-column-gap-default\">\n\t\t\t\t\t<div class=\"elementor-column elementor-col-100 elementor-top-column elementor-element elementor-element-2d7c47b\" data-id=\"2d7c47b\" data-element_type=\"column\">\n\t\t\t<div class=\"elementor-widget-wrap elementor-element-populated\">\n\t\t\t\t\t\t\t\t<div class=\"elementor-element elementor-element-0d14914 elementor-widget elementor-widget-heading\" data-id=\"0d14914\" data-element_type=\"widget\" data-widget_type=\"heading.default\">\n\t\t\t\t<div class=\"elementor-widget-container\">\n\t\t\t<h2 class=\"elementor-heading-title elementor-size-default\">K\u00dcLT\u00c9RI KONHYA L\u00c1TV\u00c1NYTERVEI KERTRENDEZ\u00c9SSEL<\/h2>\t\t<\/div>\n\t\t\t\t<\/div>\n\t\t\t\t\t<\/div>\n\t\t<\/div>\n\t\t\t\t\t\t\t<\/div>\n\t\t<\/section>\n\t\t\t\t<section class=\"elementor-section elementor-top-section elementor-element elementor-element-f8ce497 elementor-section-boxed elementor-section-height-default elementor-section-height-default\" data-id=\"f8ce497\" data-element_type=\"section\" data-settings=\"{&quot;background_background&quot;:&quot;classic&quot;}\">\n\t\t\t\t\t\t<div class=\"elementor-container elementor-column-gap-no\">\n\t\t\t\t\t<div class=\"elementor-column elementor-col-50 elementor-top-column elementor-element elementor-element-8e7eff2\" data-id=\"8e7eff2\" data-element_type=\"column\">\n\t\t\t<div class=\"elementor-widget-wrap elementor-element-populated\">\n\t\t\t\t\t\t\t\t<div class=\"elementor-element elementor-element-1156b2c elementor-widget elementor-widget-text-editor\" data-id=\"1156b2c\" data-element_type=\"widget\" data-widget_type=\"text-editor.default\">\n\t\t\t\t<div class=\"elementor-widget-container\">\n\t\t\t\t\t\t\t\t<h3 style=\"text-align: center;\">K\u00dcLT\u00c9RI KONYHA\u00a0<\/h3>\t\t\t\t\t\t<\/div>\n\t\t\t\t<\/div>\n\t\t\t\t<div class=\"elementor-element elementor-element-f814e94 elementor-widget-divider--view-line elementor-widget elementor-widget-divider\" data-id=\"f814e94\" data-element_type=\"widget\" data-widget_type=\"divider.default\">\n\t\t\t\t<div class=\"elementor-widget-container\">\n\t\t\t\t\t<div class=\"elementor-divider\">\n\t\t\t<span class=\"elementor-divider-separator\">\n\t\t\t\t\t\t<\/span>\n\t\t<\/div>\n\t\t\t\t<\/div>\n\t\t\t\t<\/div>\n\t\t\t\t<div class=\"elementor-element elementor-element-991e155 elementor-arrows-position-inside elementor-widget elementor-widget-image-carousel\" data-id=\"991e155\" data-element_type=\"widget\" data-settings=\"{&quot;slides_to_show&quot;:&quot;1&quot;,&quot;navigation&quot;:&quot;arrows&quot;,&quot;pause_on_hover&quot;:&quot;no&quot;,&quot;pause_on_interaction&quot;:&quot;no&quot;,&quot;autoplay_speed&quot;:2500,&quot;autoplay&quot;:&quot;yes&quot;,&quot;infinite&quot;:&quot;yes&quot;,&quot;effect&quot;:&quot;slide&quot;,&quot;speed&quot;:500}\" data-widget_type=\"image-carousel.default\">\n\t\t\t\t<div class=\"elementor-widget-container\">\n\t\t\t\t\t<div class=\"elementor-image-carousel-wrapper swiper-container\" dir=\"ltr\">\n\t\t\t<div class=\"elementor-image-carousel swiper-wrapper swiper-image-stretch\">\n\t\t\t\t<div class=\"swiper-slide\"><figure class=\"swiper-slide-inner\"><img class=\"swiper-slide-image\" src=\"https:\/\/www.youridealhome.sk\/wp-content\/uploads\/2021\/11\/YOUR_IDEAL_HOME_GARDEN_Monja_2021-09-09-15-47-14-1920x1080.jpg\" alt=\"YOUR_IDEAL_HOME_GARDEN_Monja_2021-09-09-15-47-14\" \/><\/figure><\/div><div class=\"swiper-slide\"><figure class=\"swiper-slide-inner\"><img class=\"swiper-slide-image\" src=\"https:\/\/www.youridealhome.sk\/wp-content\/uploads\/2021\/11\/YOUR_IDEAL_HOME_GARDEN_Monja_2021-09-09-16-10-27-1920x1080.jpg\" alt=\"YOUR_IDEAL_HOME_GARDEN_Monja_2021-09-09-16-10-27\" \/><\/figure><\/div><div class=\"swiper-slide\"><figure class=\"swiper-slide-inner\"><img class=\"swiper-slide-image\" src=\"https:\/\/www.youridealhome.sk\/wp-content\/uploads\/2021\/11\/YOUR_IDEAL_HOME_GARDEN_Monja_2021-09-09-16-07-19-1920x1080.jpg\" alt=\"YOUR_IDEAL_HOME_GARDEN_Monja_2021-09-09-16-07-19\" \/><\/figure><\/div><div class=\"swiper-slide\"><figure class=\"swiper-slide-inner\"><img class=\"swiper-slide-image\" src=\"https:\/\/www.youridealhome.sk\/wp-content\/uploads\/2021\/11\/YOUR_IDEAL_HOME_GARDEN_Monja_2021-09-09-15-58-53-1920x1080.jpg\" alt=\"YOUR_IDEAL_HOME_GARDEN_Monja_2021-09-09-15-58-53\" \/><\/figure><\/div><div class=\"swiper-slide\"><figure class=\"swiper-slide-inner\"><img class=\"swiper-slide-image\" src=\"https:\/\/www.youridealhome.sk\/wp-content\/uploads\/2021\/11\/YOUR_IDEAL_HOME_GARDEN_Monja_2021-09-09-15-54-15-1920x1080.jpg\" alt=\"YOUR_IDEAL_HOME_GARDEN_Monja_2021-09-09-15-54-15\" \/><\/figure><\/div><div class=\"swiper-slide\"><figure class=\"swiper-slide-inner\"><img class=\"swiper-slide-image\" src=\"https:\/\/www.youridealhome.sk\/wp-content\/uploads\/2021\/11\/YOUR_IDEAL_HOME_GARDEN_Monja_VER2_2021-09-10-11-41-25-1920x1080.jpg\" alt=\"YOUR_IDEAL_HOME_GARDEN_Monja_VER2_2021-09-10-11-41-25\" \/><\/figure><\/div><div class=\"swiper-slide\"><figure class=\"swiper-slide-inner\"><img class=\"swiper-slide-image\" src=\"https:\/\/www.youridealhome.sk\/wp-content\/uploads\/2021\/11\/YOUR_IDEAL_HOME_GARDEN_Monja_VER2_2021-09-10-11-32-36-1920x1080.jpg\" alt=\"YOUR_IDEAL_HOME_GARDEN_Monja_VER2_2021-09-10-11-32-36\" \/><\/figure><\/div><div class=\"swiper-slide\"><figure class=\"swiper-slide-inner\"><img class=\"swiper-slide-image\" src=\"https:\/\/www.youridealhome.sk\/wp-content\/uploads\/2021\/11\/YOUR_IDEAL_HOME_GARDEN_Monja_VER2_2021-09-10-11-45-03-1920x1080.jpg\" alt=\"YOUR_IDEAL_HOME_GARDEN_Monja_VER2_2021-09-10-11-45-03\" \/><\/figure><\/div><div class=\"swiper-slide\"><figure class=\"swiper-slide-inner\"><img class=\"swiper-slide-image\" src=\"https:\/\/www.youridealhome.sk\/wp-content\/uploads\/2021\/11\/VER2-1920x1080.jpg\" alt=\"VER2\" \/><\/figure><\/div>\t\t\t<\/div>\n\t\t\t\t\t\t\t\t\t\t\t\t\t\t\t\t<div class=\"elementor-swiper-button elementor-swiper-button-prev\">\n\t\t\t\t\t\t<i class=\"eicon-chevron-left\" aria-hidden=\"true\"><\/i>\n\t\t\t\t\t\t<span class=\"elementor-screen-only\">Predo\u0161l\u00e9<\/span>\n\t\t\t\t\t<\/div>\n\t\t\t\t\t<div class=\"elementor-swiper-button elementor-swiper-button-next\">\n\t\t\t\t\t\t<i class=\"eicon-chevron-right\" aria-hidden=\"true\"><\/i>\n\t\t\t\t\t\t<span class=\"elementor-screen-only\">\u010eal\u0161ie<\/span>\n\t\t\t\t\t<\/div>\n\t\t\t\t\t\t\t\t\t<\/div>\n\t\t\t\t<\/div>\n\t\t\t\t<\/div>\n\t\t\t\t<div class=\"elementor-element elementor-element-53e83dd elementor-widget-divider--view-line elementor-widget elementor-widget-divider\" data-id=\"53e83dd\" data-element_type=\"widget\" data-widget_type=\"divider.default\">\n\t\t\t\t<div class=\"elementor-widget-container\">\n\t\t\t\t\t<div class=\"elementor-divider\">\n\t\t\t<span class=\"elementor-divider-separator\">\n\t\t\t\t\t\t<\/span>\n\t\t<\/div>\n\t\t\t\t<\/div>\n\t\t\t\t<\/div>\n\t\t\t\t<section class=\"elementor-section elementor-inner-section elementor-element elementor-element-3c547be elementor-section-boxed elementor-section-height-default elementor-section-height-default\" data-id=\"3c547be\" data-element_type=\"section\">\n\t\t\t\t\t\t<div class=\"elementor-container elementor-column-gap-default\">\n\t\t\t\t\t<div class=\"elementor-column elementor-col-100 elementor-inner-column elementor-element elementor-element-bfd2fda\" data-id=\"bfd2fda\" data-element_type=\"column\">\n\t\t\t<div class=\"elementor-widget-wrap elementor-element-populated\">\n\t\t\t\t\t\t\t\t<div class=\"elementor-element elementor-element-8d1b4a1 elementor-widget elementor-widget-text-editor\" data-id=\"8d1b4a1\" data-element_type=\"widget\" data-widget_type=\"text-editor.default\">\n\t\t\t\t<div class=\"elementor-widget-container\">\n\t\t\t\t\t\t\t\t<h3 style=\"text-align: center;\">VIDE\u00d3<\/h3>\t\t\t\t\t\t<\/div>\n\t\t\t\t<\/div>\n\t\t\t\t<div class=\"elementor-element elementor-element-58e878d elementor-widget-divider--view-line elementor-widget elementor-widget-divider\" data-id=\"58e878d\" data-element_type=\"widget\" data-widget_type=\"divider.default\">\n\t\t\t\t<div class=\"elementor-widget-container\">\n\t\t\t\t\t<div class=\"elementor-divider\">\n\t\t\t<span class=\"elementor-divider-separator\">\n\t\t\t\t\t\t<\/span>\n\t\t<\/div>\n\t\t\t\t<\/div>\n\t\t\t\t<\/div>\n\t\t\t\t<div class=\"elementor-element elementor-element-5f17c51 elementor-aspect-ratio-169 elementor-widget elementor-widget-video\" data-id=\"5f17c51\" data-element_type=\"widget\" data-settings=\"{&quot;youtube_url&quot;:&quot;https:\\\/\\\/www.youtube.com\\\/watch?v=bLFuN5-VCEY&amp;ab_channel=YOURIDEALHOME&quot;,&quot;video_type&quot;:&quot;youtube&quot;,&quot;controls&quot;:&quot;yes&quot;,&quot;aspect_ratio&quot;:&quot;169&quot;}\" data-widget_type=\"video.default\">\n\t\t\t\t<div class=\"elementor-widget-container\">\n\t\t\t\t\t<div class=\"elementor-wrapper elementor-fit-aspect-ratio elementor-open-inline\">\n\t\t\t<div class=\"elementor-video\"><\/div>\t\t<\/div>\n\t\t\t\t<\/div>\n\t\t\t\t<\/div>\n\t\t\t\t<div class=\"elementor-element elementor-element-feec87f elementor-widget-divider--view-line elementor-widget elementor-widget-divider\" data-id=\"feec87f\" data-element_type=\"widget\" data-widget_type=\"divider.default\">\n\t\t\t\t<div class=\"elementor-widget-container\">\n\t\t\t\t\t<div class=\"elementor-divider\">\n\t\t\t<span class=\"elementor-divider-separator\">\n\t\t\t\t\t\t<\/span>\n\t\t<\/div>\n\t\t\t\t<\/div>\n\t\t\t\t<\/div>\n\t\t\t\t\t<\/div>\n\t\t<\/div>\n\t\t\t\t\t\t\t<\/div>\n\t\t<\/section>\n\t\t\t\t\t<\/div>\n\t\t<\/div>\n\t\t\t\t<div class=\"elementor-column elementor-col-50 elementor-top-column elementor-element elementor-element-03d06f4\" data-id=\"03d06f4\" data-element_type=\"column\">\n\t\t\t<div class=\"elementor-widget-wrap elementor-element-populated\">\n\t\t\t\t\t\t\t\t<div class=\"elementor-element elementor-element-59f0154 elementor-widget elementor-widget-text-editor\" data-id=\"59f0154\" data-element_type=\"widget\" data-widget_type=\"text-editor.default\">\n\t\t\t\t<div class=\"elementor-widget-container\">\n\t\t\t\t\t\t\t\t<h3 style=\"text-align: center;\">SZAUNA\u00a0<\/h3>\t\t\t\t\t\t<\/div>\n\t\t\t\t<\/div>\n\t\t\t\t<div class=\"elementor-element elementor-element-228abb7 elementor-widget-divider--view-line elementor-widget elementor-widget-divider\" data-id=\"228abb7\" data-element_type=\"widget\" data-widget_type=\"divider.default\">\n\t\t\t\t<div class=\"elementor-widget-container\">\n\t\t\t\t\t<div class=\"elementor-divider\">\n\t\t\t<span class=\"elementor-divider-separator\">\n\t\t\t\t\t\t<\/span>\n\t\t<\/div>\n\t\t\t\t<\/div>\n\t\t\t\t<\/div>\n\t\t\t\t<div class=\"elementor-element elementor-element-f6447ca elementor-arrows-position-inside elementor-widget elementor-widget-image-carousel\" data-id=\"f6447ca\" data-element_type=\"widget\" data-settings=\"{&quot;slides_to_show&quot;:&quot;1&quot;,&quot;navigation&quot;:&quot;arrows&quot;,&quot;pause_on_hover&quot;:&quot;no&quot;,&quot;pause_on_interaction&quot;:&quot;no&quot;,&quot;autoplay_speed&quot;:2500,&quot;autoplay&quot;:&quot;yes&quot;,&quot;infinite&quot;:&quot;yes&quot;,&quot;effect&quot;:&quot;slide&quot;,&quot;speed&quot;:500}\" data-widget_type=\"image-carousel.default\">\n\t\t\t\t<div class=\"elementor-widget-container\">\n\t\t\t\t\t<div class=\"elementor-image-carousel-wrapper swiper-container\" dir=\"ltr\">\n\t\t\t<div class=\"elementor-image-carousel swiper-wrapper swiper-image-stretch\">\n\t\t\t\t<div class=\"swiper-slide\"><figure class=\"swiper-slide-inner\"><img class=\"swiper-slide-image\" src=\"https:\/\/www.youridealhome.sk\/wp-content\/uploads\/2021\/11\/YOUR_IDEAL_HOME_GARDEN_Monja_2021-09-09-15-20-16-1920x1080.jpg\" alt=\"YOUR_IDEAL_HOME_GARDEN_Monja_2021-09-09-15-20-16\" \/><\/figure><\/div><div class=\"swiper-slide\"><figure class=\"swiper-slide-inner\"><img class=\"swiper-slide-image\" src=\"https:\/\/www.youridealhome.sk\/wp-content\/uploads\/2021\/11\/YOUR_IDEAL_HOME_GARDEN_Monja_2021-09-09-14-55-24-1920x1080.jpg\" alt=\"YOUR_IDEAL_HOME_GARDEN_Monja_2021-09-09-14-55-24\" \/><\/figure><\/div><div class=\"swiper-slide\"><figure class=\"swiper-slide-inner\"><img class=\"swiper-slide-image\" src=\"https:\/\/www.youridealhome.sk\/wp-content\/uploads\/2021\/11\/YOUR_IDEAL_HOME_GARDEN_Monja_2021-09-09-14-57-05-1920x1080.jpg\" alt=\"YOUR_IDEAL_HOME_GARDEN_Monja_2021-09-09-14-57-05\" \/><\/figure><\/div><div class=\"swiper-slide\"><figure class=\"swiper-slide-inner\"><img class=\"swiper-slide-image\" src=\"https:\/\/www.youridealhome.sk\/wp-content\/uploads\/2021\/11\/YOUR_IDEAL_HOME_GARDEN_Monja_2021-09-09-15-25-46-1920x1080.jpg\" alt=\"YOUR_IDEAL_HOME_GARDEN_Monja_2021-09-09-15-25-46\" \/><\/figure><\/div>\t\t\t<\/div>\n\t\t\t\t\t\t\t\t\t\t\t\t\t\t\t\t<div class=\"elementor-swiper-button elementor-swiper-button-prev\">\n\t\t\t\t\t\t<i class=\"eicon-chevron-left\" aria-hidden=\"true\"><\/i>\n\t\t\t\t\t\t<span class=\"elementor-screen-only\">Predo\u0161l\u00e9<\/span>\n\t\t\t\t\t<\/div>\n\t\t\t\t\t<div class=\"elementor-swiper-button elementor-swiper-button-next\">\n\t\t\t\t\t\t<i class=\"eicon-chevron-right\" aria-hidden=\"true\"><\/i>\n\t\t\t\t\t\t<span class=\"elementor-screen-only\">\u010eal\u0161ie<\/span>\n\t\t\t\t\t<\/div>\n\t\t\t\t\t\t\t\t\t<\/div>\n\t\t\t\t<\/div>\n\t\t\t\t<\/div>\n\t\t\t\t<div class=\"elementor-element elementor-element-75428cf elementor-widget-divider--view-line elementor-widget elementor-widget-divider\" data-id=\"75428cf\" data-element_type=\"widget\" data-widget_type=\"divider.default\">\n\t\t\t\t<div class=\"elementor-widget-container\">\n\t\t\t\t\t<div class=\"elementor-divider\">\n\t\t\t<span class=\"elementor-divider-separator\">\n\t\t\t\t\t\t<\/span>\n\t\t<\/div>\n\t\t\t\t<\/div>\n\t\t\t\t<\/div>\n\t\t\t\t<section class=\"elementor-section elementor-inner-section elementor-element elementor-element-71729fe elementor-section-boxed elementor-section-height-default elementor-section-height-default\" data-id=\"71729fe\" data-element_type=\"section\">\n\t\t\t\t\t\t<div class=\"elementor-container elementor-column-gap-default\">\n\t\t\t\t\t<div class=\"elementor-column elementor-col-100 elementor-inner-column elementor-element elementor-element-b793b76\" data-id=\"b793b76\" data-element_type=\"column\">\n\t\t\t<div class=\"elementor-widget-wrap elementor-element-populated\">\n\t\t\t\t\t\t\t\t<div class=\"elementor-element elementor-element-ab0d02d elementor-widget elementor-widget-text-editor\" data-id=\"ab0d02d\" data-element_type=\"widget\" data-widget_type=\"text-editor.default\">\n\t\t\t\t<div class=\"elementor-widget-container\">\n\t\t\t\t\t\t\t\t<h3 style=\"text-align: center;\">360\u00b0 PANOR\u00c1MA<\/h3>\t\t\t\t\t\t<\/div>\n\t\t\t\t<\/div>\n\t\t\t\t<div class=\"elementor-element elementor-element-47f902b elementor-widget-divider--view-line elementor-widget elementor-widget-divider\" data-id=\"47f902b\" data-element_type=\"widget\" data-widget_type=\"divider.default\">\n\t\t\t\t<div class=\"elementor-widget-container\">\n\t\t\t\t\t<div class=\"elementor-divider\">\n\t\t\t<span class=\"elementor-divider-separator\">\n\t\t\t\t\t\t<\/span>\n\t\t<\/div>\n\t\t\t\t<\/div>\n\t\t\t\t<\/div>\n\t\t\t\t<div class=\"elementor-element elementor-element-2bd9e78 elementor-widget elementor-widget-Wpvr-widget\" data-id=\"2bd9e78\" data-element_type=\"widget\" data-widget_type=\"Wpvr-widget.default\">\n\t\t\t\t<div class=\"elementor-widget-container\">\n\t\t\t<style>#pano3693 div.pnlm-hotspot-base.fas,\n\t\t\t\t\t#pano3693 div.pnlm-hotspot-base.fab,\n\t\t\t\t\t#pano3693 div.pnlm-hotspot-base.fa,\n\t\t\t\t\t#pano3693 div.pnlm-hotspot-base.far {\n\t\t\t\t\t    display: block !important;\n\t\t\t\t\t    background-color: #00b4ff;\n\t\t\t\t\t    color: #fff;\n\t\t\t\t\t    border-radius: 100%;\n\t\t\t\t\t    width: 30px;\n\t\t\t\t\t    height: 30px;\n\t\t\t\t\t    animation: icon-pulsepano3693 1.5s infinite cubic-bezier(.25, 0, 0, 1);\n\t\t\t\t\t}@-webkit-keyframes icon-pulsepano3693 {\n\t\t\t\t\t    0% {\n\t\t\t\t\t        box-shadow: 0 0 0 0px rgba(0, 180, 255, 1);\n\t\t\t\t\t    }\n\t\t\t\t\t    100% {\n\t\t\t\t\t        box-shadow: 0 0 0 10px rgba(0, 180, 255, 0);\n\t\t\t\t\t    }\n\t\t\t\t\t}\n\t\t\t\t\t@keyframes icon-pulsepano3693 {\n\t\t\t\t\t    0% {\n\t\t\t\t\t        box-shadow: 0 0 0 0px rgba(0, 180, 255, 1);\n\t\t\t\t\t    }\n\t\t\t\t\t    100% {\n\t\t\t\t\t        box-shadow: 0 0 0 10px rgba(0, 180, 255, 0);\n\t\t\t\t\t    }\n\t\t\t\t\t}#pano3693 div.pnlm-orientation-button {\n                    display: none;\n                }<\/style><div id=\"pano3693\" class=\"pano-wrap\" style=\" text-align:center; max-width:100%; width: 100; height: 381px; margin: 0 auto; border-radius:0px; direction:ltr;\"><div class=\"wpvr-hotspot-tweak-contents-wrapper\" style=\"display: none\"><i class=\"fa fa-times cross\" data-id=\"3693\"><\/i><div class=\"wpvr-hotspot-tweak-contents-flex\"><div class=\"wpvr-hotspot-tweak-contents\"><\/div><\/div><\/div><div class=\"custom-ifram-wrapper\" style=\"display: none;\"><i class=\"fa fa-times cross\" data-id=\"3693\"><\/i><div class=\"custom-ifram-flex\"><div class=\"custom-ifram\"><\/div><\/div><\/div><\/div><script>jQuery(document).ready(function() {var response = [{\"panoid\":\"pano3693\"},{\"autoLoad\":true,\"showControls\":true,\"orientationSupport\":\"false\",\"compass\":false,\"orientationOnByDefault\":false,\"mouseZoom\":true,\"draggable\":true,\"disableKeyboardCtrl\":false,\"keyboardZoom\":true,\"preview\":\"https:\\\/\\\/www.youridealhome.sk\\\/wp-content\\\/uploads\\\/2021\\\/11\\\/Panorama_Monja_Garden_2021-09-10-08-28-54-scaled.jpg\",\"default\":{\"firstScene\":\"malinovo\",\"sceneFadeDuration\":\"\"},\"scenes\":{\"malinovo\":{\"type\":\"equirectangular\",\"panorama\":\"https:\\\/\\\/www.youridealhome.sk\\\/wp-content\\\/uploads\\\/2021\\\/11\\\/Panorama_Monja_Garden_2021-09-10-08-28-54-scaled.jpg\",\"pitch\":null,\"yaw\":null,\"hfov\":100,\"maxHfov\":120,\"minHfov\":50,\"vaov\":180,\"haov\":360,\"hotSpots\":[]}}}];var scenes = response[1];if(scenes) {var scenedata = scenes.scenes;for(var i in scenedata) {var scenehotspot = scenedata[i].hotSpots;for(var i = 0; i < scenehotspot.length; i++) {if(scenehotspot[i][\"clickHandlerArgs\"] != \"\") {scenehotspot[i][\"clickHandlerFunc\"] = wpvrhotspot;}if(scenehotspot[i][\"createTooltipArgs\"] != \"\") {scenehotspot[i][\"createTooltipFunc\"] = wpvrtooltip;}}}}var panoshow3693 = pannellum.viewer(response[0][\"panoid\"], scenes);panoshow3693.on(\"load\", function (){\n            setTimeout(() => {\n                window.dispatchEvent(new Event(\"resize\"));\n            }, 200);\n\t\t\t\t\t\tif (jQuery(\"#pano3693\").children().children(\".pnlm-panorama-info:visible\").length > 0) {\n\t               jQuery(\"#controls3693\").css(\"bottom\", \"55px\");\n\t           }\n\t           else {\n\t             jQuery(\"#controls3693\").css(\"bottom\", \"5px\");\n\t           }\n\t\t\t\t\t});panoshow3693.on(\"render\", function (){\n              window.dispatchEvent(new Event(\"resize\"));\n            });\n\t\t\t\t\tif (scenes.autoRotate) {\n\t\t\t\t\t\tpanoshow3693.on(\"load\", function (){\n\t\t\t\t\t\t setTimeout(function(){ panoshow3693.startAutoRotate(scenes.autoRotate, 0); }, 3000);\n\t\t\t\t\t\t});\n\t\t\t\t\t\tpanoshow3693.on(\"scenechange\", function (){\n\t\t\t\t\t\t setTimeout(function(){ panoshow3693.startAutoRotate(scenes.autoRotate, 0); }, 3000);\n\t\t\t\t\t\t});\n\t\t\t\t\t}\n\t\t\t\t\tvar touchtime = 0;\n\t\t          jQuery(document).ready(function($){\n\t\t              jQuery(\"#sccontrols3693\").hide();\n\t\t              jQuery(\".vrgctrl3693\").html('<i class=\"fa fa-angle-up\"><\/i>');\n\t\t          });\n\t\t          \n\t\t          var slide3693 = \"down\";\n\t\t          jQuery(document).on(\"click\",\"#vrgcontrols3693\",function() {\n\n\t\t            if (slide3693 == \"up\") {\n\t\t              jQuery(\".vrgctrl3693\").empty();\n\t\t              jQuery(\".vrgctrl3693\").html('<i class=\"fa fa-angle-up\"><\/i>');\n\t\t              slide3693 = \"down\";\n\t\t            }\n\t\t            else {\n\t\t              jQuery(\".vrgctrl3693\").empty();\n\t\t              jQuery(\".vrgctrl3693\").html('<i class=\"fa fa-angle-down\"><\/i>');\n\t\t              slide3693 = \"up\";\n\t\t            }\n\t\t            jQuery(\"#sccontrols3693\").slideToggle();\n\t\t          });\n\t\t          \n            jQuery(\".elementor-tab-title\").click(function(){\n                      var element_id;\n                      var pano_id;\n                      var element_id = this.id;\n                      element_id = element_id.split(\"-\");\n                      element_id = element_id[3];\n                      jQuery(\"#elementor-tab-content-\"+element_id).children(\"div\").addClass(\"awwww\");\n                      var pano_id = jQuery(\".awwww\").attr(\"id\");\n                      jQuery(\"#elementor-tab-content-\"+element_id).children(\"div\").removeClass(\"awwww\");\n                      if (pano_id != undefined) {\n                        pano_id = pano_id.split(\"o\");\n                        pano_id = pano_id[1];\n                        if (pano_id == \"3693\") {\n                          jQuery(\"#pano3693\").children(\".pnlm-render-container\").remove();\n                          jQuery(\"#pano3693\").children(\".pnlm-ui\").remove();\n                          panoshow3693 = pannellum.viewer(response[0][\"panoid\"], scenes);\n                          setTimeout(function() {\n                                  panoshow3693.loadScene(\"malinovo\");\n                                  window.dispatchEvent(new Event(\"resize\"));\n                                  if (jQuery(\"#pano3693\").children().children(\".pnlm-panorama-info:visible\").length > 0) {\n                                       jQuery(\"#controls3693\").css(\"bottom\", \"55px\");\n                                   }\n                                   else {\n                                     jQuery(\"#controls3693\").css(\"bottom\", \"5px\");\n                                   }\n                          }, 200);\n                        }\n                      }\n            });\n        \n            jQuery(\".geodir-tab-head dd, #vr-tour-tab\").click(function(){\n              jQuery(\"#pano3693\").children(\".pnlm-render-container\").remove();\n              jQuery(\"#pano3693\").children(\".pnlm-ui\").remove();\n              panoshow3693 = pannellum.viewer(response[0][\"panoid\"], scenes);\n              setTimeout(function() {\n                      panoshow3693.loadScene(\"malinovo\");\n                      window.dispatchEvent(new Event(\"resize\"));\n                      if (jQuery(\"#pano3693\").children().children(\".pnlm-panorama-info:visible\").length > 0) {\n                           jQuery(\"#controls3693\").css(\"bottom\", \"55px\");\n                       }\n                       else {\n                         jQuery(\"#controls3693\").css(\"bottom\", \"5px\");\n                       }\n              }, 200);\n            });\n        \n            jQuery(\"#pano3693\").children(\".pnlm-ui\").find(\".pnlm-load-button p\").text(\"Click To Load Panorama\")\n            });<\/script>\t\t<\/div>\n\t\t\t\t<\/div>\n\t\t\t\t\t<\/div>\n\t\t<\/div>\n\t\t\t\t\t\t\t<\/div>\n\t\t<\/section>\n\t\t\t\t<div class=\"elementor-element elementor-element-b7144fb elementor-widget-divider--view-line elementor-widget elementor-widget-divider\" data-id=\"b7144fb\" data-element_type=\"widget\" data-widget_type=\"divider.default\">\n\t\t\t\t<div class=\"elementor-widget-container\">\n\t\t\t\t\t<div class=\"elementor-divider\">\n\t\t\t<span class=\"elementor-divider-separator\">\n\t\t\t\t\t\t<\/span>\n\t\t<\/div>\n\t\t\t\t<\/div>\n\t\t\t\t<\/div>\n\t\t\t\t\t<\/div>\n\t\t<\/div>\n\t\t\t\t\t\t\t<\/div>\n\t\t<\/section>\n\t\t\t\t\t\t<\/div>\n\t\t\t\t\t<\/div>\n\t\t","protected":false},"excerpt":{"rendered":"<p>K\u00dcLT\u00c9RI KONHYA L\u00c1TV\u00c1NYTERVEI KERTRENDEZ\u00c9SSEL K\u00dcLT\u00c9RI KONYHA\u00a0 Previous Next VIDE\u00d3 SZAUNA\u00a0 Previous Next 360\u00b0 PANOR\u00c1MA<\/p>","protected":false},"author":3,"featured_media":0,"parent":0,"menu_order":0,"comment_status":"closed","ping_status":"closed","template":"","meta":[],"_links":{"self":[{"href":"https:\/\/www.youridealhome.sk\/sk\/wp-json\/wp\/v2\/pages\/3670"}],"collection":[{"href":"https:\/\/www.youridealhome.sk\/sk\/wp-json\/wp\/v2\/pages"}],"about":[{"href":"https:\/\/www.youridealhome.sk\/sk\/wp-json\/wp\/v2\/types\/page"}],"author":[{"embeddable":true,"href":"https:\/\/www.youridealhome.sk\/sk\/wp-json\/wp\/v2\/users\/3"}],"replies":[{"embeddable":true,"href":"https:\/\/www.youridealhome.sk\/sk\/wp-json\/wp\/v2\/comments?post=3670"}],"version-history":[{"count":6,"href":"https:\/\/www.youridealhome.sk\/sk\/wp-json\/wp\/v2\/pages\/3670\/revisions"}],"predecessor-version":[{"id":4299,"href":"https:\/\/www.youridealhome.sk\/sk\/wp-json\/wp\/v2\/pages\/3670\/revisions\/4299"}],"wp:attachment":[{"href":"https:\/\/www.youridealhome.sk\/sk\/wp-json\/wp\/v2\/media?parent=3670"}],"curies":[{"name":"wp","href":"https:\/\/api.w.org\/{rel}","templated":true}]}}