{"id":3066,"date":"2021-07-28T12:43:32","date_gmt":"2021-07-28T12:43:32","guid":{"rendered":"https:\/\/www.youridealhome.sk\/?page_id=3066"},"modified":"2021-08-18T08:22:46","modified_gmt":"2021-08-18T08:22:46","slug":"office","status":"publish","type":"page","link":"https:\/\/www.youridealhome.sk\/sk\/office\/","title":{"rendered":""},"content":{"rendered":"\t\t<div data-elementor-type=\"wp-post\" data-elementor-id=\"3066\" class=\"elementor elementor-3066\" data-elementor-settings=\"[]\">\n\t\t\t\t\t\t\t<div class=\"elementor-section-wrap\">\n\t\t\t\t\t\t\t<section class=\"elementor-section elementor-top-section elementor-element elementor-element-9f3801c elementor-section-boxed elementor-section-height-default elementor-section-height-default\" data-id=\"9f3801c\" data-element_type=\"section\">\n\t\t\t\t\t\t<div class=\"elementor-container elementor-column-gap-default\">\n\t\t\t\t\t<div class=\"elementor-column elementor-col-100 elementor-top-column elementor-element elementor-element-5cd9666\" data-id=\"5cd9666\" data-element_type=\"column\">\n\t\t\t<div class=\"elementor-widget-wrap elementor-element-populated\">\n\t\t\t\t\t\t\t\t<div class=\"elementor-element elementor-element-4e986ef elementor-widget elementor-widget-heading\" data-id=\"4e986ef\" data-element_type=\"widget\" data-widget_type=\"heading.default\">\n\t\t\t\t<div class=\"elementor-widget-container\">\n\t\t\t<h1 class=\"elementor-heading-title elementor-size-default\">KIS IRODA L\u00c1TV\u00c1NYTERVE<\/h1>\t\t<\/div>\n\t\t\t\t<\/div>\n\t\t\t\t\t<\/div>\n\t\t<\/div>\n\t\t\t\t\t\t\t<\/div>\n\t\t<\/section>\n\t\t\t\t<section class=\"elementor-section elementor-top-section elementor-element elementor-element-5c96215 elementor-section-full_width elementor-section-stretched elementor-section-height-default elementor-section-height-default\" data-id=\"5c96215\" data-element_type=\"section\" data-settings=\"{&quot;stretch_section&quot;:&quot;section-stretched&quot;}\">\n\t\t\t\t\t\t<div class=\"elementor-container elementor-column-gap-default\">\n\t\t\t\t\t<div class=\"elementor-column elementor-col-100 elementor-top-column elementor-element elementor-element-3ea3d88\" data-id=\"3ea3d88\" data-element_type=\"column\">\n\t\t\t<div class=\"elementor-widget-wrap elementor-element-populated\">\n\t\t\t\t\t\t\t\t<div class=\"elementor-element elementor-element-d0c4177 elementor-pagination-position-inside elementor-widget elementor-widget-image-carousel\" data-id=\"d0c4177\" data-element_type=\"widget\" data-settings=\"{&quot;slides_to_show&quot;:&quot;2&quot;,&quot;pause_on_hover&quot;:&quot;no&quot;,&quot;autoplay_speed&quot;:2200,&quot;navigation&quot;:&quot;dots&quot;,&quot;autoplay&quot;:&quot;yes&quot;,&quot;pause_on_interaction&quot;:&quot;yes&quot;,&quot;infinite&quot;:&quot;yes&quot;,&quot;speed&quot;:500}\" data-widget_type=\"image-carousel.default\">\n\t\t\t\t<div class=\"elementor-widget-container\">\n\t\t\t\t\t<div class=\"elementor-image-carousel-wrapper swiper-container\" dir=\"ltr\">\n\t\t\t<div class=\"elementor-image-carousel swiper-wrapper\">\n\t\t\t\t<div class=\"swiper-slide\"><figure class=\"swiper-slide-inner\"><img class=\"swiper-slide-image\" src=\"https:\/\/www.youridealhome.sk\/wp-content\/uploads\/2021\/07\/Your_IDEAL_Home_VER_2_2021-05-03-16-41-02.jpg\" alt=\"Your_IDEAL_Home_VER_2_2021-05-03-16-41-02\" \/><\/figure><\/div><div class=\"swiper-slide\"><figure class=\"swiper-slide-inner\"><img class=\"swiper-slide-image\" src=\"https:\/\/www.youridealhome.sk\/wp-content\/uploads\/2021\/07\/Your_IDEAL_Home_VER_2_2021-05-03-16-40-30.jpg\" alt=\"Your_IDEAL_Home_VER_2_2021-05-03-16-40-30\" \/><\/figure><\/div><div class=\"swiper-slide\"><figure class=\"swiper-slide-inner\"><img class=\"swiper-slide-image\" src=\"https:\/\/www.youridealhome.sk\/wp-content\/uploads\/2021\/07\/Your_IDEAL_Home_2021-04-28-09-45-26.jpg\" alt=\"Your_IDEAL_Home_2021-04-28-09-45-26\" \/><\/figure><\/div><div class=\"swiper-slide\"><figure class=\"swiper-slide-inner\"><img class=\"swiper-slide-image\" src=\"https:\/\/www.youridealhome.sk\/wp-content\/uploads\/2021\/07\/Your_IDEAL_Home_2021-05-02-19-24-29.jpg\" alt=\"Your_IDEAL_Home_2021-05-02-19-24-29\" \/><\/figure><\/div><div class=\"swiper-slide\"><figure class=\"swiper-slide-inner\"><img class=\"swiper-slide-image\" src=\"https:\/\/www.youridealhome.sk\/wp-content\/uploads\/2021\/07\/Your_IDEAL_Home_VER_2_2021-05-03-16-41-54.jpg\" alt=\"Your_IDEAL_Home_VER_2_2021-05-03-16-41-54\" \/><\/figure><\/div><div class=\"swiper-slide\"><figure class=\"swiper-slide-inner\"><img class=\"swiper-slide-image\" src=\"https:\/\/www.youridealhome.sk\/wp-content\/uploads\/2021\/07\/Your_IDEAL_Home_2021-05-02-19-23-35.jpg\" alt=\"Your_IDEAL_Home_2021-05-02-19-23-35\" \/><\/figure><\/div><div class=\"swiper-slide\"><figure class=\"swiper-slide-inner\"><img class=\"swiper-slide-image\" src=\"https:\/\/www.youridealhome.sk\/wp-content\/uploads\/2021\/07\/Your_IDEAL_Home_2021-05-02-16-53-51.jpg\" alt=\"Your_IDEAL_Home_2021-05-02-16-53-51\" \/><\/figure><\/div><div class=\"swiper-slide\"><figure class=\"swiper-slide-inner\"><img class=\"swiper-slide-image\" src=\"https:\/\/www.youridealhome.sk\/wp-content\/uploads\/2021\/07\/Your_IDEAL_Home_2021-04-28-09-57-12.jpg\" alt=\"Your_IDEAL_Home_2021-04-28-09-57-12\" \/><\/figure><\/div><div class=\"swiper-slide\"><figure class=\"swiper-slide-inner\"><img class=\"swiper-slide-image\" src=\"https:\/\/www.youridealhome.sk\/wp-content\/uploads\/2021\/07\/Your_IDEAL_Home_2021-05-02-18-53-46.jpg\" alt=\"Your_IDEAL_Home_2021-05-02-18-53-46\" \/><\/figure><\/div><div class=\"swiper-slide\"><figure class=\"swiper-slide-inner\"><img class=\"swiper-slide-image\" src=\"https:\/\/www.youridealhome.sk\/wp-content\/uploads\/2021\/07\/Your_IDEAL_Home_VER_2_2021-05-03-16-40-01.jpg\" alt=\"Your_IDEAL_Home_VER_2_2021-05-03-16-40-01\" \/><\/figure><\/div><div class=\"swiper-slide\"><figure class=\"swiper-slide-inner\"><img class=\"swiper-slide-image\" src=\"https:\/\/www.youridealhome.sk\/wp-content\/uploads\/2021\/07\/Your_IDEAL_Home_2021-05-03-16-15-36.jpg\" alt=\"Your_IDEAL_Home_2021-05-03-16-15-36\" \/><\/figure><\/div><div class=\"swiper-slide\"><figure class=\"swiper-slide-inner\"><img class=\"swiper-slide-image\" src=\"https:\/\/www.youridealhome.sk\/wp-content\/uploads\/2021\/07\/Your_IDEAL_Home_2021-05-02-19-24-01.jpg\" alt=\"Your_IDEAL_Home_2021-05-02-19-24-01\" \/><\/figure><\/div>\t\t\t<\/div>\n\t\t\t\t\t\t\t\t\t\t\t\t<div class=\"swiper-pagination\"><\/div>\n\t\t\t\t\t\t\t\t\t\t\t\t\t<\/div>\n\t\t\t\t<\/div>\n\t\t\t\t<\/div>\n\t\t\t\t\t<\/div>\n\t\t<\/div>\n\t\t\t\t\t\t\t<\/div>\n\t\t<\/section>\n\t\t\t\t<section class=\"elementor-section elementor-top-section elementor-element elementor-element-31306cf elementor-section-stretched elementor-section-boxed elementor-section-height-default elementor-section-height-default\" data-id=\"31306cf\" data-element_type=\"section\" data-settings=\"{&quot;stretch_section&quot;:&quot;section-stretched&quot;}\">\n\t\t\t\t\t\t<div class=\"elementor-container elementor-column-gap-default\">\n\t\t\t\t\t<div class=\"elementor-column elementor-col-33 elementor-top-column elementor-element elementor-element-499fe03\" data-id=\"499fe03\" data-element_type=\"column\">\n\t\t\t<div class=\"elementor-widget-wrap elementor-element-populated\">\n\t\t\t\t\t\t\t\t<div class=\"elementor-element elementor-element-ed6f927 elementor-widget elementor-widget-heading\" data-id=\"ed6f927\" data-element_type=\"widget\" data-widget_type=\"heading.default\">\n\t\t\t\t<div class=\"elementor-widget-container\">\n\t\t\t<h2 class=\"elementor-heading-title elementor-size-default\">A PROJEKT R\u00c9SZLETEI<\/h2>\t\t<\/div>\n\t\t\t\t<\/div>\n\t\t\t\t<div class=\"elementor-element elementor-element-ac41861 elementor-widget elementor-widget-spacer\" data-id=\"ac41861\" data-element_type=\"widget\" data-widget_type=\"spacer.default\">\n\t\t\t\t<div class=\"elementor-widget-container\">\n\t\t\t\t\t<div class=\"elementor-spacer\">\n\t\t\t<div class=\"elementor-spacer-inner\"><\/div>\n\t\t<\/div>\n\t\t\t\t<\/div>\n\t\t\t\t<\/div>\n\t\t\t\t<div class=\"elementor-element elementor-element-9917dfb elementor-widget elementor-widget-text-editor\" data-id=\"9917dfb\" data-element_type=\"widget\" data-widget_type=\"text-editor.default\">\n\t\t\t\t<div class=\"elementor-widget-container\">\n\t\t\t\t\t\t\t\t<p>MEGRENDEL\u0150: <span style=\"color: #96989a;\">Mag\u00e1nszem\u00e9ly<\/span><\/p>\t\t\t\t\t\t<\/div>\n\t\t\t\t<\/div>\n\t\t\t\t<div class=\"elementor-element elementor-element-69763eb elementor-widget elementor-widget-text-editor\" data-id=\"69763eb\" data-element_type=\"widget\" data-widget_type=\"text-editor.default\">\n\t\t\t\t<div class=\"elementor-widget-container\">\n\t\t\t\t\t\t\t\t<p>TELJES ID\u0150TARTAM: <span style=\"color: #96989a;\">5 Nap<\/span><\/p>\t\t\t\t\t\t<\/div>\n\t\t\t\t<\/div>\n\t\t\t\t<div class=\"elementor-element elementor-element-994118a elementor-widget elementor-widget-text-editor\" data-id=\"994118a\" data-element_type=\"widget\" data-widget_type=\"text-editor.default\">\n\t\t\t\t<div class=\"elementor-widget-container\">\n\t\t\t\t\t\t\t\t<p>HELYSZ\u00cdN: <span style=\"color: #96989a;\">Nagykeszi<\/span><\/p>\t\t\t\t\t\t<\/div>\n\t\t\t\t<\/div>\n\t\t\t\t<div class=\"elementor-element elementor-element-8b5fd96 elementor-widget elementor-widget-text-editor\" data-id=\"8b5fd96\" data-element_type=\"widget\" data-widget_type=\"text-editor.default\">\n\t\t\t\t<div class=\"elementor-widget-container\">\n\t\t\t\t\t\t\t\t<p>R\u00c9SZLETEK: <span style=\"color: #96989a;\">Teljes iroda helyis\u00e9g l\u00e1tv\u00e1nyterve + vide\u00f3+ panor\u00e1ma<\/span><\/p>\t\t\t\t\t\t<\/div>\n\t\t\t\t<\/div>\n\t\t\t\t\t<\/div>\n\t\t<\/div>\n\t\t\t\t<div class=\"elementor-column elementor-col-33 elementor-top-column elementor-element elementor-element-466e41c\" data-id=\"466e41c\" data-element_type=\"column\">\n\t\t\t<div class=\"elementor-widget-wrap elementor-element-populated\">\n\t\t\t\t\t\t\t\t<div class=\"elementor-element elementor-element-0d1544c elementor-aspect-ratio-169 elementor-widget elementor-widget-video\" data-id=\"0d1544c\" data-element_type=\"widget\" data-settings=\"{&quot;youtube_url&quot;:&quot;https:\\\/\\\/youtu.be\\\/w7mk0XGW3pw&quot;,&quot;autoplay&quot;:&quot;yes&quot;,&quot;mute&quot;:&quot;yes&quot;,&quot;loop&quot;:&quot;yes&quot;,&quot;video_type&quot;:&quot;youtube&quot;,&quot;controls&quot;:&quot;yes&quot;,&quot;aspect_ratio&quot;:&quot;169&quot;}\" data-widget_type=\"video.default\">\n\t\t\t\t<div class=\"elementor-widget-container\">\n\t\t\t\t\t<div class=\"elementor-wrapper elementor-fit-aspect-ratio elementor-open-inline\">\n\t\t\t<div class=\"elementor-video\"><\/div>\t\t<\/div>\n\t\t\t\t<\/div>\n\t\t\t\t<\/div>\n\t\t\t\t\t<\/div>\n\t\t<\/div>\n\t\t\t\t<div class=\"elementor-column elementor-col-33 elementor-top-column elementor-element elementor-element-04e4434\" data-id=\"04e4434\" data-element_type=\"column\">\n\t\t\t<div class=\"elementor-widget-wrap elementor-element-populated\">\n\t\t\t\t\t\t\t\t<div class=\"elementor-element elementor-element-b326660 elementor-widget elementor-widget-Wpvr-widget\" data-id=\"b326660\" data-element_type=\"widget\" data-widget_type=\"Wpvr-widget.default\">\n\t\t\t\t<div class=\"elementor-widget-container\">\n\t\t\t<style>#pano3376 div.pnlm-hotspot-base.fas,\n\t\t\t\t\t#pano3376 div.pnlm-hotspot-base.fab,\n\t\t\t\t\t#pano3376 div.pnlm-hotspot-base.fa,\n\t\t\t\t\t#pano3376 div.pnlm-hotspot-base.far {\n\t\t\t\t\t    display: block !important;\n\t\t\t\t\t    background-color: #00b4ff;\n\t\t\t\t\t    color: #fff;\n\t\t\t\t\t    border-radius: 100%;\n\t\t\t\t\t    width: 30px;\n\t\t\t\t\t    height: 30px;\n\t\t\t\t\t    animation: icon-pulsepano3376 1.5s infinite cubic-bezier(.25, 0, 0, 1);\n\t\t\t\t\t}@-webkit-keyframes icon-pulsepano3376 {\n\t\t\t\t\t    0% {\n\t\t\t\t\t        box-shadow: 0 0 0 0px rgba(0, 180, 255, 1);\n\t\t\t\t\t    }\n\t\t\t\t\t    100% {\n\t\t\t\t\t        box-shadow: 0 0 0 10px rgba(0, 180, 255, 0);\n\t\t\t\t\t    }\n\t\t\t\t\t}\n\t\t\t\t\t@keyframes icon-pulsepano3376 {\n\t\t\t\t\t    0% {\n\t\t\t\t\t        box-shadow: 0 0 0 0px rgba(0, 180, 255, 1);\n\t\t\t\t\t    }\n\t\t\t\t\t    100% {\n\t\t\t\t\t        box-shadow: 0 0 0 10px rgba(0, 180, 255, 0);\n\t\t\t\t\t    }\n\t\t\t\t\t}#pano3376 div.pnlm-orientation-button {\n                    display: none;\n                }<\/style><div id=\"pano3376\" class=\"pano-wrap\" style=\" text-align:center; max-width:100%; width: 600px; height: 290px; margin: 0 auto; border-radius:0px; direction:ltr;\"><div class=\"wpvr-hotspot-tweak-contents-wrapper\" style=\"display: none\"><i class=\"fa fa-times cross\" data-id=\"3376\"><\/i><div class=\"wpvr-hotspot-tweak-contents-flex\"><div class=\"wpvr-hotspot-tweak-contents\"><\/div><\/div><\/div><div class=\"custom-ifram-wrapper\" style=\"display: none;\"><i class=\"fa fa-times cross\" data-id=\"3376\"><\/i><div class=\"custom-ifram-flex\"><div class=\"custom-ifram\"><\/div><\/div><\/div><\/div><script>jQuery(document).ready(function() {var response = [{\"panoid\":\"pano3376\"},{\"autoLoad\":true,\"showControls\":true,\"orientationSupport\":\"false\",\"compass\":false,\"orientationOnByDefault\":false,\"mouseZoom\":true,\"draggable\":true,\"disableKeyboardCtrl\":false,\"keyboardZoom\":true,\"preview\":\"https:\\\/\\\/www.youridealhome.sk\\\/wp-content\\\/uploads\\\/2021\\\/07\\\/Panorama_Kovacs-Zsolti_2021-05-06-10-48-52-scaled.jpg\",\"autoRotate\":\"-5\",\"default\":{\"firstScene\":\"iroda\",\"sceneFadeDuration\":\"\"},\"scenes\":{\"iroda\":{\"type\":\"equirectangular\",\"panorama\":\"https:\\\/\\\/www.youridealhome.sk\\\/wp-content\\\/uploads\\\/2021\\\/07\\\/Panorama_Kovacs-Zsolti_2021-05-06-10-48-52-scaled.jpg\",\"pitch\":null,\"yaw\":null,\"hfov\":100,\"maxHfov\":120,\"minHfov\":50,\"vaov\":180,\"haov\":360,\"hotSpots\":[]}}}];var scenes = response[1];if(scenes) {var scenedata = scenes.scenes;for(var i in scenedata) {var scenehotspot = scenedata[i].hotSpots;for(var i = 0; i < scenehotspot.length; i++) {if(scenehotspot[i][\"clickHandlerArgs\"] != \"\") {scenehotspot[i][\"clickHandlerFunc\"] = wpvrhotspot;}if(scenehotspot[i][\"createTooltipArgs\"] != \"\") {scenehotspot[i][\"createTooltipFunc\"] = wpvrtooltip;}}}}var panoshow3376 = pannellum.viewer(response[0][\"panoid\"], scenes);panoshow3376.on(\"load\", function (){\n            setTimeout(() => {\n                window.dispatchEvent(new Event(\"resize\"));\n            }, 200);\n\t\t\t\t\t\tif (jQuery(\"#pano3376\").children().children(\".pnlm-panorama-info:visible\").length > 0) {\n\t               jQuery(\"#controls3376\").css(\"bottom\", \"55px\");\n\t           }\n\t           else {\n\t             jQuery(\"#controls3376\").css(\"bottom\", \"5px\");\n\t           }\n\t\t\t\t\t});panoshow3376.on(\"render\", function (){\n              window.dispatchEvent(new Event(\"resize\"));\n            });\n\t\t\t\t\tif (scenes.autoRotate) {\n\t\t\t\t\t\tpanoshow3376.on(\"load\", function (){\n\t\t\t\t\t\t setTimeout(function(){ panoshow3376.startAutoRotate(scenes.autoRotate, 0); }, 3000);\n\t\t\t\t\t\t});\n\t\t\t\t\t\tpanoshow3376.on(\"scenechange\", function (){\n\t\t\t\t\t\t setTimeout(function(){ panoshow3376.startAutoRotate(scenes.autoRotate, 0); }, 3000);\n\t\t\t\t\t\t});\n\t\t\t\t\t}\n\t\t\t\t\tvar touchtime = 0;\n\t\t          jQuery(document).ready(function($){\n\t\t              jQuery(\"#sccontrols3376\").hide();\n\t\t              jQuery(\".vrgctrl3376\").html('<i class=\"fa fa-angle-up\"><\/i>');\n\t\t          });\n\t\t          \n\t\t          var slide3376 = \"down\";\n\t\t          jQuery(document).on(\"click\",\"#vrgcontrols3376\",function() {\n\n\t\t            if (slide3376 == \"up\") {\n\t\t              jQuery(\".vrgctrl3376\").empty();\n\t\t              jQuery(\".vrgctrl3376\").html('<i class=\"fa fa-angle-up\"><\/i>');\n\t\t              slide3376 = \"down\";\n\t\t            }\n\t\t            else {\n\t\t              jQuery(\".vrgctrl3376\").empty();\n\t\t              jQuery(\".vrgctrl3376\").html('<i class=\"fa fa-angle-down\"><\/i>');\n\t\t              slide3376 = \"up\";\n\t\t            }\n\t\t            jQuery(\"#sccontrols3376\").slideToggle();\n\t\t          });\n\t\t          \n            jQuery(\".elementor-tab-title\").click(function(){\n                      var element_id;\n                      var pano_id;\n                      var element_id = this.id;\n                      element_id = element_id.split(\"-\");\n                      element_id = element_id[3];\n                      jQuery(\"#elementor-tab-content-\"+element_id).children(\"div\").addClass(\"awwww\");\n                      var pano_id = jQuery(\".awwww\").attr(\"id\");\n                      jQuery(\"#elementor-tab-content-\"+element_id).children(\"div\").removeClass(\"awwww\");\n                      if (pano_id != undefined) {\n                        pano_id = pano_id.split(\"o\");\n                        pano_id = pano_id[1];\n                        if (pano_id == \"3376\") {\n                          jQuery(\"#pano3376\").children(\".pnlm-render-container\").remove();\n                          jQuery(\"#pano3376\").children(\".pnlm-ui\").remove();\n                          panoshow3376 = pannellum.viewer(response[0][\"panoid\"], scenes);\n                          setTimeout(function() {\n                                  panoshow3376.loadScene(\"iroda\");\n                                  window.dispatchEvent(new Event(\"resize\"));\n                                  if (jQuery(\"#pano3376\").children().children(\".pnlm-panorama-info:visible\").length > 0) {\n                                       jQuery(\"#controls3376\").css(\"bottom\", \"55px\");\n                                   }\n                                   else {\n                                     jQuery(\"#controls3376\").css(\"bottom\", \"5px\");\n                                   }\n                          }, 200);\n                        }\n                      }\n            });\n        \n            jQuery(\".geodir-tab-head dd, #vr-tour-tab\").click(function(){\n              jQuery(\"#pano3376\").children(\".pnlm-render-container\").remove();\n              jQuery(\"#pano3376\").children(\".pnlm-ui\").remove();\n              panoshow3376 = pannellum.viewer(response[0][\"panoid\"], scenes);\n              setTimeout(function() {\n                      panoshow3376.loadScene(\"iroda\");\n                      window.dispatchEvent(new Event(\"resize\"));\n                      if (jQuery(\"#pano3376\").children().children(\".pnlm-panorama-info:visible\").length > 0) {\n                           jQuery(\"#controls3376\").css(\"bottom\", \"55px\");\n                       }\n                       else {\n                         jQuery(\"#controls3376\").css(\"bottom\", \"5px\");\n                       }\n              }, 200);\n            });\n        \n            jQuery(\"#pano3376\").children(\".pnlm-ui\").find(\".pnlm-load-button p\").text(\"Click To Load Panorama\")\n            });<\/script>\t\t<\/div>\n\t\t\t\t<\/div>\n\t\t\t\t\t<\/div>\n\t\t<\/div>\n\t\t\t\t\t\t\t<\/div>\n\t\t<\/section>\n\t\t\t\t<section class=\"elementor-section elementor-top-section elementor-element elementor-element-04f95d9 elementor-section-boxed elementor-section-height-default elementor-section-height-default\" data-id=\"04f95d9\" data-element_type=\"section\">\n\t\t\t\t\t\t<div class=\"elementor-container elementor-column-gap-default\">\n\t\t\t\t\t\t\t\t<\/div>\n\t\t<\/section>\n\t\t\t\t<section class=\"elementor-section elementor-top-section elementor-element elementor-element-6a44494 elementor-section-boxed elementor-section-height-default elementor-section-height-default\" data-id=\"6a44494\" data-element_type=\"section\">\n\t\t\t\t\t\t<div class=\"elementor-container elementor-column-gap-default\">\n\t\t\t\t\t\t\t\t<\/div>\n\t\t<\/section>\n\t\t\t\t<section class=\"elementor-section elementor-top-section elementor-element elementor-element-4d9cb0e elementor-section-boxed elementor-section-height-default elementor-section-height-default\" data-id=\"4d9cb0e\" data-element_type=\"section\">\n\t\t\t\t\t\t<div class=\"elementor-container elementor-column-gap-default\">\n\t\t\t\t\t\t\t\t<\/div>\n\t\t<\/section>\n\t\t\t\t\t\t<\/div>\n\t\t\t\t\t<\/div>\n\t\t","protected":false},"excerpt":{"rendered":"<p>KIS IRODA L\u00c1TV\u00c1NYTERVE A PROJEKT R\u00c9SZLETEI MEGRENDEL\u0150: Mag\u00e1nszem\u00e9ly TELJES ID\u0150TARTAM: 5 Nap HELYSZ\u00cdN: Nagykeszi R\u00c9SZLETEK: Teljes iroda helyis\u00e9g l\u00e1tv\u00e1nyterve + vide\u00f3+ panor\u00e1ma https:\/\/youtu.be\/w7mk0XGW3pw<\/p>","protected":false},"author":3,"featured_media":0,"parent":0,"menu_order":0,"comment_status":"closed","ping_status":"closed","template":"","meta":[],"_links":{"self":[{"href":"https:\/\/www.youridealhome.sk\/sk\/wp-json\/wp\/v2\/pages\/3066"}],"collection":[{"href":"https:\/\/www.youridealhome.sk\/sk\/wp-json\/wp\/v2\/pages"}],"about":[{"href":"https:\/\/www.youridealhome.sk\/sk\/wp-json\/wp\/v2\/types\/page"}],"author":[{"embeddable":true,"href":"https:\/\/www.youridealhome.sk\/sk\/wp-json\/wp\/v2\/users\/3"}],"replies":[{"embeddable":true,"href":"https:\/\/www.youridealhome.sk\/sk\/wp-json\/wp\/v2\/comments?post=3066"}],"version-history":[{"count":6,"href":"https:\/\/www.youridealhome.sk\/sk\/wp-json\/wp\/v2\/pages\/3066\/revisions"}],"predecessor-version":[{"id":3517,"href":"https:\/\/www.youridealhome.sk\/sk\/wp-json\/wp\/v2\/pages\/3066\/revisions\/3517"}],"wp:attachment":[{"href":"https:\/\/www.youridealhome.sk\/sk\/wp-json\/wp\/v2\/media?parent=3066"}],"curies":[{"name":"wp","href":"https:\/\/api.w.org\/{rel}","templated":true}]}}